{"id":784,"date":"2022-10-07T13:37:29","date_gmt":"2022-10-07T13:37:29","guid":{"rendered":"https:\/\/guardastelle.com\/?page_id=784"},"modified":"2022-12-21T16:21:21","modified_gmt":"2022-12-21T16:21:21","slug":"storia","status":"publish","type":"page","link":"https:\/\/guardastelle.com\/it\/storia\/","title":{"rendered":"Storia"},"content":{"rendered":"\t\t<div data-elementor-type=\"wp-page\" data-elementor-id=\"784\" class=\"elementor elementor-784\" data-elementor-settings=\"[]\">\n\t\t\t\t\t\t\t<div class=\"elementor-section-wrap\">\n\t\t\t\t\t\t\t<section class=\"elementor-section elementor-top-section elementor-element elementor-element-69409ec elementor-section-full_width elementor-section-height-default elementor-section-height-default\" data-id=\"69409ec\" data-element_type=\"section\">\n\t\t\t\t\t\t<div class=\"elementor-container elementor-column-gap-no\">\n\t\t\t\t\t<div class=\"elementor-column elementor-col-100 elementor-top-column elementor-element elementor-element-6247a95\" data-id=\"6247a95\" data-element_type=\"column\">\n\t\t\t<div class=\"elementor-widget-wrap elementor-element-populated\">\n\t\t\t\t\t\t\t\t<div class=\"elementor-element elementor-element-7b72e2e elementor-widget elementor-widget-template\" data-id=\"7b72e2e\" data-element_type=\"widget\" data-widget_type=\"template.default\">\n\t\t\t\t<div class=\"elementor-widget-container\">\n\t\t\t\t\t<div class=\"elementor-template\">\n\t\t\t\t\t<div data-elementor-type=\"section\" data-elementor-id=\"2760\" class=\"elementor elementor-2760 elementor-2148\" data-elementor-settings=\"[]\">\n\t\t\t\t\t\t\t\t<section class=\"elementor-section elementor-top-section elementor-element elementor-element-2accdd9a elementor-section-height-min-height elementor-section-boxed elementor-section-height-default elementor-section-items-middle\" data-id=\"2accdd9a\" data-element_type=\"section\" data-settings=\"{&quot;background_background&quot;:&quot;classic&quot;}\">\n\t\t\t\t\t\t\t<div class=\"elementor-background-overlay\"><\/div>\n\t\t\t\t\t\t\t<div class=\"elementor-container elementor-column-gap-default\">\n\t\t\t\t\t<div class=\"elementor-column elementor-col-100 elementor-top-column elementor-element elementor-element-72373de8\" data-id=\"72373de8\" data-element_type=\"column\">\n\t\t\t<div class=\"elementor-widget-wrap elementor-element-populated\">\n\t\t\t\t\t\t\t\t<div class=\"elementor-element elementor-element-2c1a5e4d elementor-widget elementor-widget-heading\" data-id=\"2c1a5e4d\" data-element_type=\"widget\" data-widget_type=\"heading.default\">\n\t\t\t\t<div class=\"elementor-widget-container\">\n\t\t\t<style>\/*! elementor - v3.5.5 - 03-02-2022 *\/\n.elementor-heading-title{padding:0;margin:0;line-height:1}.elementor-widget-heading .elementor-heading-title[class*=elementor-size-]>a{color:inherit;font-size:inherit;line-height:inherit}.elementor-widget-heading .elementor-heading-title.elementor-size-small{font-size:15px}.elementor-widget-heading .elementor-heading-title.elementor-size-medium{font-size:19px}.elementor-widget-heading .elementor-heading-title.elementor-size-large{font-size:29px}.elementor-widget-heading .elementor-heading-title.elementor-size-xl{font-size:39px}.elementor-widget-heading .elementor-heading-title.elementor-size-xxl{font-size:59px}<\/style><h6 class=\"elementor-heading-title elementor-size-default\">Tenuta Guardastelle San Gimignano<\/h6>\t\t<\/div>\n\t\t\t\t<\/div>\n\t\t\t\t<div class=\"elementor-element elementor-element-25e1bd22 elementor-widget elementor-widget-heading\" data-id=\"25e1bd22\" data-element_type=\"widget\" data-widget_type=\"heading.default\">\n\t\t\t\t<div class=\"elementor-widget-container\">\n\t\t\t<h2 class=\"elementor-heading-title elementor-size-default\">Storia<\/h2>\t\t<\/div>\n\t\t\t\t<\/div>\n\t\t\t\t<div class=\"elementor-element elementor-element-41c43ec elementor-widget elementor-widget-button\" data-id=\"41c43ec\" data-element_type=\"widget\" data-widget_type=\"button.default\">\n\t\t\t\t<div class=\"elementor-widget-container\">\n\t\t\t\t\t<div class=\"elementor-button-wrapper\">\n\t\t\t<a href=\"https:\/\/reservations.verticalbooking.com\/premium\/index.html?id_stile=15421&#038;headvar=ok&#038;lingua_int=ita&#038;id_albergo=20617&#038;dc=3999\" target=\"_blank\" class=\"elementor-button-link elementor-button elementor-size-sm\" role=\"button\">\n\t\t\t\t\t\t<span class=\"elementor-button-content-wrapper\">\n\t\t\t\t\t\t<span class=\"elementor-button-text\">Prenota Ora<\/span>\n\t\t<\/span>\n\t\t\t\t\t<\/a>\n\t\t<\/div>\n\t\t\t\t<\/div>\n\t\t\t\t<\/div>\n\t\t\t\t\t<\/div>\n\t\t<\/div>\n\t\t\t\t\t\t\t<\/div>\n\t\t<\/section>\n\t\t\t\t\t\t<\/div>\n\t\t\t\t<\/div>\n\t\t\t\t<\/div>\n\t\t\t\t<\/div>\n\t\t\t\t\t<\/div>\n\t\t<\/div>\n\t\t\t\t\t\t\t<\/div>\n\t\t<\/section>\n\t\t\t\t<section class=\"elementor-section elementor-top-section elementor-element elementor-element-4af8da4 elementor-section-boxed elementor-section-height-default elementor-section-height-default\" data-id=\"4af8da4\" data-element_type=\"section\">\n\t\t\t\t\t\t<div class=\"elementor-container elementor-column-gap-default\">\n\t\t\t\t\t<div class=\"elementor-column elementor-col-100 elementor-top-column elementor-element elementor-element-ee50bb4\" data-id=\"ee50bb4\" data-element_type=\"column\">\n\t\t\t<div class=\"elementor-widget-wrap elementor-element-populated\">\n\t\t\t\t\t\t\t\t<div class=\"elementor-element elementor-element-6dcb6c4 elementor-widget elementor-widget-heading\" data-id=\"6dcb6c4\" data-element_type=\"widget\" data-widget_type=\"heading.default\">\n\t\t\t\t<div class=\"elementor-widget-container\">\n\t\t\t<h2 class=\"elementor-heading-title elementor-size-default\">La nostra storia<\/h2>\t\t<\/div>\n\t\t\t\t<\/div>\n\t\t\t\t<div class=\"elementor-element elementor-element-ca71917 elementor-widget elementor-widget-text-editor\" data-id=\"ca71917\" data-element_type=\"widget\" data-widget_type=\"text-editor.default\">\n\t\t\t\t<div class=\"elementor-widget-container\">\n\t\t\t<style>\/*! elementor - v3.5.5 - 03-02-2022 *\/\n.elementor-widget-text-editor.elementor-drop-cap-view-stacked .elementor-drop-cap{background-color:#818a91;color:#fff}.elementor-widget-text-editor.elementor-drop-cap-view-framed .elementor-drop-cap{color:#818a91;border:3px solid;background-color:transparent}.elementor-widget-text-editor:not(.elementor-drop-cap-view-default) .elementor-drop-cap{margin-top:8px}.elementor-widget-text-editor:not(.elementor-drop-cap-view-default) .elementor-drop-cap-letter{width:1em;height:1em}.elementor-widget-text-editor .elementor-drop-cap{float:left;text-align:center;line-height:1;font-size:50px}.elementor-widget-text-editor .elementor-drop-cap-letter{display:inline-block}<\/style>\t\t\t\t<p><span style=\"font-weight: 400;\">Non abbiamo fonti documentate riguardo l\u2019origine di questo casale (che appare comunque in una mappa di met\u00e0 del XVII secolo) ma le tecniche di costruzione utilizzate originariamente erano simili a quelle utilizzate per la costruzione delle torri di San Gimignano. Questo ha permesso all\u2019architetto di datare la costruzione del casale indicativamente alla seconda met\u00e0 del 1400. E\u2019 solamente nel 1984 che Sestilio (sesto figlio di sette fratelli), acquist\u00f2 il casale, ormai quasi distrutto, con i vecchi vigneti. Dopo la sua prematura morte anche i contadini che lavoravano i terreni se ne andarono; solamente dopo qualche anno di totale abbandono Susanna decise di riportare in attivit\u00e0 la piccola azienda iniziando dalla ristrutturazione di alcuni vigneti e nell\u2019allargare l\u2019oliveta.<\/span><\/p><p><span style=\"font-weight: 400;\">Nacque cos\u00ec l\u2019<\/span><b>Azienda Agricola Sovestro in Poggio <\/b><span style=\"font-weight: 400;\">in quanto la tenuta sorge su di una piccola collina, in toscano chiamata \u201cpoggio\u201d, che prende il nome di Sovestro; questo il nome che per i primi 20 anni di attivit\u00e0 ci ha contraddistinto, proprio perch\u00e9 sulla cima di questa piccola collinetta.<\/span><\/p><p><span style=\"font-weight: 400;\">Nel 2003 iniziarono anche i lavori di ristrutturazione del casale che durarono per quattro anni consecutivi. Molti dei materiali utilizzati per ricostruire l&#8217;agriturismo sono stati recuperati durante l&#8217;abbattimento delle varie strutture (il fienile, la stalla, la legnaia, il frantoio): ad esempio le &#8220;pianelle&#8221; colorate adesso situate tra le travi della sala colazione erano originariamente il pavimento.<\/span><\/p><p><span style=\"font-weight: 400;\">La ristrutturazione dell\u2019agriturismo era quasi completa e, nel 2007, arriv\u00f2 la necessit\u00e0 di trovare un nome diverso, che non prendesse spunto dal luogo ma piuttosto che ci distinguesse dalle altre realt\u00e0 locali che, come noi, utilizzarono il nome della collina. L\u2019idea del nome attuale, <\/span><b>Guardastelle<\/b><span style=\"font-weight: 400;\">, nacque a Susanna, proprietaria di seconda generazione, quando, una sera di fine estate, uscendo dalla cantina dopo una lunghissima giornata di lavoro in vendemmia, vide un cielo punteggiato di stelle che la lasci\u00f2 meravigliata. Per pi\u00f9 di dieci anni i nomi di <\/span><b>Sovestro in Poggio<\/b><span style=\"font-weight: 400;\"> e <\/span><b>Guardastelle<\/b><span style=\"font-weight: 400;\"> sono coesistiti per descrivere due parti dell\u2019attivit\u00e0: quella di <\/span><b>vigneto con cantina e produzione propria di vini con attivit\u00e0 di degustazione e vendita<\/b><span style=\"font-weight: 400;\"> per il primo; <\/span><b>camere in B&amp;B e appartamenti con cucina e piscina privata<\/b><span style=\"font-weight: 400;\"> per il secondo.<\/span><\/p><p><span style=\"font-weight: 400;\">Nel 2018 si \u00e8 fatta sempre pi\u00f9 avanti l\u2019esigenza di un nome unico, che ci distinguesse in maniera inequivocabile: nacque cos\u00ec Tenuta Guardastelle che ad oggi \u00e8 un meraviglioso <\/span><b>agriturismo con piscina in Toscana<\/b><span style=\"font-weight: 400;\">. Siamo molto vicini a citt\u00e0 d\u2019arte come <\/span><b>Firenze<\/b><span style=\"font-weight: 400;\">\u00a0e <\/span><b>Siena<\/b>.<\/p><p><span style=\"font-weight: 400;\">Circondati dalle <\/span><b>colline del Chianti<\/b><span style=\"font-weight: 400;\">, zona famosa in tutto il mondo grazie al suo vino rosso denso e corposo, e dai vigneti di nostra propriet\u00e0 dai quali produciamo con grande sforzo e profonda passione i <\/span><b>vini di produzione propria<\/b><span style=\"font-weight: 400;\"> e l\u2019<\/span><b>olio extra vergine<\/b><span style=\"font-weight: 400;\"> da circa 400 piante di variet\u00e0 autoctone. E\u2019 un piacere per noi organizzare la <\/span><a href=\"https:\/\/reservations.verticalbooking.com\/sp_prenota_trattamenti.htm?id_stile=15657&amp;id_albergo=20974&amp;dc=8006&amp;lingua_int=ita&amp;headvar=ok\" target=\"_blank\" rel=\"noopener\"><b>degustazione dei prodotti tipici<\/b><span style=\"font-weight: 400;\"> del territorio in abbinamento ai nostri vini<\/span><\/a>.<\/p>\t\t\t\t\t\t<\/div>\n\t\t\t\t<\/div>\n\t\t\t\t\t<\/div>\n\t\t<\/div>\n\t\t\t\t\t\t\t<\/div>\n\t\t<\/section>\n\t\t\t\t\t\t<\/div>\n\t\t\t\t\t<\/div>\n\t\t","protected":false},"excerpt":{"rendered":"<p>La nostra storia Non abbiamo fonti documentate riguardo l\u2019origine di questo casale (che appare comunque in una mappa di met\u00e0 del XVII secolo) ma le tecniche di costruzione utilizzate originariamente erano simili a quelle utilizzate per la costruzione delle torri di San Gimignano. Questo ha permesso all\u2019architetto di datare la costruzione del casale indicativamente alla [&hellip;]<\/p>\n","protected":false},"author":1,"featured_media":999,"parent":0,"menu_order":53,"comment_status":"closed","ping_status":"closed","template":"","meta":{"footnotes":""},"tags":[],"class_list":["post-784","page","type-page","status-publish","has-post-thumbnail","hentry"],"_links":{"self":[{"href":"https:\/\/guardastelle.com\/it\/wp-json\/wp\/v2\/pages\/784","targetHints":{"allow":["GET"]}}],"collection":[{"href":"https:\/\/guardastelle.com\/it\/wp-json\/wp\/v2\/pages"}],"about":[{"href":"https:\/\/guardastelle.com\/it\/wp-json\/wp\/v2\/types\/page"}],"author":[{"embeddable":true,"href":"https:\/\/guardastelle.com\/it\/wp-json\/wp\/v2\/users\/1"}],"replies":[{"embeddable":true,"href":"https:\/\/guardastelle.com\/it\/wp-json\/wp\/v2\/comments?post=784"}],"version-history":[{"count":20,"href":"https:\/\/guardastelle.com\/it\/wp-json\/wp\/v2\/pages\/784\/revisions"}],"predecessor-version":[{"id":2776,"href":"https:\/\/guardastelle.com\/it\/wp-json\/wp\/v2\/pages\/784\/revisions\/2776"}],"wp:featuredmedia":[{"embeddable":true,"href":"https:\/\/guardastelle.com\/it\/wp-json\/wp\/v2\/media\/999"}],"wp:attachment":[{"href":"https:\/\/guardastelle.com\/it\/wp-json\/wp\/v2\/media?parent=784"}],"wp:term":[{"taxonomy":"post_tag","embeddable":true,"href":"https:\/\/guardastelle.com\/it\/wp-json\/wp\/v2\/tags?post=784"}],"curies":[{"name":"wp","href":"https:\/\/api.w.org\/{rel}","templated":true}]}}