{"id":2262,"date":"2022-12-06T12:55:59","date_gmt":"2022-12-06T12:55:59","guid":{"rendered":"https:\/\/guardastelle.com\/?page_id=2262"},"modified":"2022-12-06T12:57:55","modified_gmt":"2022-12-06T12:57:55","slug":"privacy-vino","status":"publish","type":"page","link":"https:\/\/guardastelle.com\/it\/privacy-vino\/","title":{"rendered":"Privacy Azienda Agricola"},"content":{"rendered":"\t\t<div data-elementor-type=\"wp-page\" data-elementor-id=\"2262\" class=\"elementor elementor-2262\" data-elementor-settings=\"[]\">\n\t\t\t\t\t\t\t<div class=\"elementor-section-wrap\">\n\t\t\t\t\t\t\t<section class=\"elementor-section elementor-top-section elementor-element elementor-element-f52c305 elementor-section-height-min-height elementor-section-boxed elementor-section-height-default elementor-section-items-middle\" data-id=\"f52c305\" data-element_type=\"section\" data-settings=\"{&quot;background_background&quot;:&quot;classic&quot;}\">\n\t\t\t\t\t\t\t<div class=\"elementor-background-overlay\"><\/div>\n\t\t\t\t\t\t\t<div class=\"elementor-container elementor-column-gap-default\">\n\t\t\t\t\t<div class=\"elementor-column elementor-col-100 elementor-top-column elementor-element elementor-element-e346b0f\" data-id=\"e346b0f\" data-element_type=\"column\">\n\t\t\t<div class=\"elementor-widget-wrap elementor-element-populated\">\n\t\t\t\t\t\t\t\t<div class=\"elementor-element elementor-element-4be435b elementor-widget elementor-widget-heading\" data-id=\"4be435b\" data-element_type=\"widget\" data-widget_type=\"heading.default\">\n\t\t\t\t<div class=\"elementor-widget-container\">\n\t\t\t<style>\/*! elementor - v3.5.5 - 03-02-2022 *\/\n.elementor-heading-title{padding:0;margin:0;line-height:1}.elementor-widget-heading .elementor-heading-title[class*=elementor-size-]>a{color:inherit;font-size:inherit;line-height:inherit}.elementor-widget-heading .elementor-heading-title.elementor-size-small{font-size:15px}.elementor-widget-heading .elementor-heading-title.elementor-size-medium{font-size:19px}.elementor-widget-heading .elementor-heading-title.elementor-size-large{font-size:29px}.elementor-widget-heading .elementor-heading-title.elementor-size-xl{font-size:39px}.elementor-widget-heading .elementor-heading-title.elementor-size-xxl{font-size:59px}<\/style><h6 class=\"elementor-heading-title elementor-size-default\">TENUTA GUARDASTELLE<\/h6>\t\t<\/div>\n\t\t\t\t<\/div>\n\t\t\t\t<div class=\"elementor-element elementor-element-c5ebc32 elementor-widget elementor-widget-heading\" data-id=\"c5ebc32\" data-element_type=\"widget\" data-widget_type=\"heading.default\">\n\t\t\t\t<div class=\"elementor-widget-container\">\n\t\t\t<h2 class=\"elementor-heading-title elementor-size-default\">Privacy Azienda Agricola<\/h2>\t\t<\/div>\n\t\t\t\t<\/div>\n\t\t\t\t\t<\/div>\n\t\t<\/div>\n\t\t\t\t\t\t\t<\/div>\n\t\t<\/section>\n\t\t\t\t<section class=\"elementor-section elementor-top-section elementor-element elementor-element-4af8da4 elementor-section-boxed elementor-section-height-default elementor-section-height-default\" data-id=\"4af8da4\" data-element_type=\"section\">\n\t\t\t\t\t\t<div class=\"elementor-container elementor-column-gap-default\">\n\t\t\t\t\t<div class=\"elementor-column elementor-col-100 elementor-top-column elementor-element elementor-element-ee50bb4\" data-id=\"ee50bb4\" data-element_type=\"column\">\n\t\t\t<div class=\"elementor-widget-wrap elementor-element-populated\">\n\t\t\t\t\t\t\t\t<div class=\"elementor-element elementor-element-ca71917 elementor-widget elementor-widget-text-editor\" data-id=\"ca71917\" data-element_type=\"widget\" data-widget_type=\"text-editor.default\">\n\t\t\t\t<div class=\"elementor-widget-container\">\n\t\t\t<style>\/*! elementor - v3.5.5 - 03-02-2022 *\/\n.elementor-widget-text-editor.elementor-drop-cap-view-stacked .elementor-drop-cap{background-color:#818a91;color:#fff}.elementor-widget-text-editor.elementor-drop-cap-view-framed .elementor-drop-cap{color:#818a91;border:3px solid;background-color:transparent}.elementor-widget-text-editor:not(.elementor-drop-cap-view-default) .elementor-drop-cap{margin-top:8px}.elementor-widget-text-editor:not(.elementor-drop-cap-view-default) .elementor-drop-cap-letter{width:1em;height:1em}.elementor-widget-text-editor .elementor-drop-cap{float:left;text-align:center;line-height:1;font-size:50px}.elementor-widget-text-editor .elementor-drop-cap-letter{display:inline-block}<\/style>\t\t\t\t<h2><strong>Informativa Privacy trattamento dati<\/strong><\/h2>\n<p><strong>Documento informativo articolo 13 Reg. UE 2016\/679- GDPR&nbsp;&nbsp;&nbsp;&nbsp;&nbsp;&nbsp;&nbsp;&nbsp;&nbsp;&nbsp;&nbsp;&nbsp;&nbsp;&nbsp;&nbsp;&nbsp;&nbsp;&nbsp;&nbsp;&nbsp;&nbsp;&nbsp;&nbsp;&nbsp;&nbsp;&nbsp;&nbsp;&nbsp;&nbsp;&nbsp;&nbsp;&nbsp;&nbsp;&nbsp; <\/strong><\/p>\n<p>GUARDASTELLE SOCIETA\u2019 SEMPLICE AGRICOLA DI FANTACCI SUSANNA &amp; C., LOC. SOVESTRO &#8211; 53037 SAN GIMIGNANO (SI) (in seguito, \u201cTitolare\u201d), in qualit\u00e0 di titolare del trattamento, La informa ai sensi dell\u2019art. 13 Regolamento UE n. 2016\/679 (in seguito, \u201cGDPR\u201d) che i Suoi dati saranno trattati con le modalit\u00e0 e per le finalit\u00e0 seguenti:<\/p>\n<ol>\n<li><strong>Oggetto del Trattamento<\/strong><\/li>\n<\/ol>\n<p>Il Titolare tratta i dati personali, identificativi (ad esempio, nome, cognome, ragione sociale, indirizzo, telefono, e-mail, riferimenti bancari e di pagamento in seguito, \u201cdati personali\u201d o anche \u201cdati\u201d) da Lei comunicati in occasione della conclusione di contratti per i servizi del Titolare.<\/p>\n<ol start=\"2\">\n<li><strong>Finalit\u00e0 del trattamento<\/strong><\/li>\n<\/ol>\n<p>La raccolta ed il trattamento dei dati personali sono effettuati al fine di condurre:<\/p>\n<ol>\n<li>Senza il Suo consenso espresso [art. 6 lett. b), e) GDPR], per le seguenti Finalit\u00e0 di Servizio:<\/li>\n<\/ol>\n<ul>\n<li>l\u2019adempimento di tutte le operazioni imposte da obblighi normativi, delle disposizioni fiscali e tributarie derivanti dallo svolgimento dell\u2019attivit\u00e0 di impresa e delle prescrizioni previste in materia di antiriciclaggio;<\/li>\n<li>l\u2019instaurazione e l\u2019esecuzione dei rapporti contrattuali in corso;<\/li>\n<li>le operazioni strettamente connesse e strumentali all\u2019avvio dei suddetti rapporti, ivi compresa l\u2019acquisizione di informazioni preliminari alla conclusione del Contratto;<\/li>\n<li>la gestione dei rapporti con il Cliente per attivit\u00e0 di amministrazione, contabilit\u00e0, ordini, spedizioni, fatturazione, servizi, gestione dell&#8217;eventuale contenzioso;<\/li>\n<li>la rilevazione del grado di soddisfazione della clientela, l\u2019elaborazione di statistiche ad uso interno;<\/li>\n<li>la gestione e l\u2019esecuzione delle necessarie pratiche doganali in caso di attivit\u00e0 di import\/export, e l\u2019assistenza in ispezione da parte delle Autorit\u00e0 Preposte;<\/li>\n<li>l\u2019esecuzione dei servizi di trasporto, logistica e di gestione delle spedizioni di merci richiesti;<\/li>\n<li>l\u2019esecuzione di tutte le pratiche necessarie alla corretta e completa gestione della spedizione e\/o della merce in transito;<\/li>\n<\/ul>\n<ol>\n<li>Solo previo Suo specifico e distinto consenso (art. 7 GDPR), per le seguenti Finalit\u00e0 di Marketing:<\/li>\n<\/ol>\n<ul>\n<li>inviarLe via e-mail, posta e\/o sms e\/o contatti telefonici, newsletter, comunicazioni commerciali e\/o materiale pubblicitario su prodotti o servizi offerti dal Titolare e rilevazione del grado di soddisfazione sulla qualit\u00e0 dei servizi;<\/li>\n<li>inviarLe via e-mail, posta e\/o sms e\/o contatti telefonici comunicazioni commerciali e\/o promozionali di soggetti terzi<\/li>\n<\/ul>\n<p>Le segnaliamo che se siete gi\u00e0 nostri clienti, potremo inviarLe comunicazioni commerciali relative a servizi e prodotti del Titolare analoghi a quelli di cui ha gi\u00e0 usufruito, salvo Suo dissenso.<\/p>\n<p>Le finalit\u00e0 contrattuali, d\u2019erogazione dei servizi, di contenzioso commerciale e non, e promozionali riguardano il trattamento dei dati personali del solo Cliente. I dati personali del Cliente verranno trattati per tutta la durata dei rapporti contrattuali instaurati e anche successivamente per l\u2019espletamento di tutti gli adempimenti di legge nonch\u00e9 per future finalit\u00e0 commerciali.<\/p>\n<ol start=\"3\">\n<li><strong>Modalit\u00e0 di trattamento<\/strong><\/li>\n<\/ol>\n<p>Il trattamento dei Suoi dati personali \u00e8 realizzato per mezzo delle operazioni indicate all\u2019art. 4 n. 2) GDPR e precisamente: raccolta, registrazione, organizzazione, conservazione, consultazione, elaborazione, modificazione, selezione, estrazione, raffronto, utilizzo, interconnessione, blocco, comunicazione, cancellazione e distruzione dei dati. I Suoi dati personali sono sottoposti a trattamento sia cartaceo che elettronico e\/o automatizzato.<\/p>\n<p>I dati forniti verranno conservati presso i nostri archivi secondo i seguenti parametri:<\/p>\n<ul>\n<li>Per le attivit\u00e0 di amministrazione, contabilit\u00e0, ordini, gestione della preventivazione e dell\u2019intero flusso di produzione, assistenza e manutenzione, spedizione, fatturazione, servizi, gestione dell&#8217;eventuale contenzioso: 10 anni come stabilito per Legge dal disposto dell\u2019art. 2220 C.C., fatti salvi eventuali ritardati pagamenti dei corrispettivi che ne giustifichino il prolungamento;<\/li>\n<li>Per le finalit\u00e0 di cui al paragrafo 2.A punti da 1 a 8 su riportati i tempi di conservazione sono fino alla scadenza del contratto e\/o della relazione commerciale di fornitura;<\/li>\n<li>Per le finalit\u00e0 di marketing (paragrafo 2.B punti 1-2): 24 mesi\n<\/li>\n<\/ul>\n<ol start=\"4\">\n<li><strong>Accesso ai dati<\/strong><\/li>\n<\/ol>\n<p>I Suoi dati potranno essere resi accessibili per le finalit\u00e0 di cui ai precedenti punti 2.A e 2.B:<\/p>\n<ul>\n<li>a soci, dipendenti e collaboratori del Titolare del trattamento in Italia e all\u2019estero, nella loro qualit\u00e0 di incaricati e\/o responsabili interni del trattamento e\/o amministratori di sistema;<\/li>\n<li>a societ\u00e0 terze o altri soggetti che svolgono attivit\u00e0 in outsourcing per conto del Titolare del trattamento, nella loro qualit\u00e0 di responsabili esterni del trattamento.<\/li>\n<\/ul>\n<p>Per brevit\u00e0 la lista dettagliata di tali figure \u00e8 disponibile presso la nostra sede ed \u00e8 a Vostra disposizione.<\/p>\n<ol start=\"5\">\n<li><strong>Comunicazione dei dati<\/strong><\/li>\n<\/ol>\n<p>Senza la necessit\u00e0 di un espresso consenso (art. 6 lett. b) e c) GDPR), il Titolare potr\u00e0 comunicare i Suoi dati per le finalit\u00e0 di cui al punto 2.A a Organismi di vigilanza, Autorit\u00e0 giudiziarie, nonch\u00e9 a quei soggetti ai quali la comunicazione sia obbligatoria per legge per l\u2019espletamento delle finalit\u00e0 dette.<\/p>\n<p>I Suoi dati non saranno diffusi.<\/p>\n<ol start=\"6\">\n<li><strong>Trasferimento dati<\/strong><\/li>\n<\/ol>\n<p>I dati personali sono conservati sui server ubicati negli uffici della sede operativa, all\u2019interno dell\u2019Unione Europea. I dati personali raccolti in forza dell\u2019esecuzione del contratto saranno trasferiti all\u2019estero solo se questa situazione \u00e8 o pu\u00f2 diventare parte integrante dell\u2019esecuzione del contratto.<\/p>\n<ol start=\"7\">\n<li><strong>Natura del conferimento dei dati e conseguenze del rifiuto di rispondere<\/strong><\/li>\n<\/ol>\n<p>Il conferimento dei dati per le finalit\u00e0 di cui al punto 2.A \u00e8 obbligatorio. In loro assenza, non potremo garantirle i Servizi del punto 2.A.<\/p>\n<p>Il conferimento dei dati per le finalit\u00e0 di cui al punto 2.B \u00e8 invece facoltativo. Pu\u00f2 quindi decidere di non conferire alcun dato o di negare successivamente la possibilit\u00e0 di trattare dati gi\u00e0 forniti: in tal caso, non potr\u00e0 ricevere newsletter, comunicazioni commerciali e materiale pubblicitario inerenti ai Servizi offerti dal Titolare. Continuer\u00e0 comunque ad avere diritto ai Servizi di cui al punto. 2.A.<\/p>\n<ol start=\"8\">\n<li><strong>Diritti dell\u2019interessato<\/strong><\/li>\n<\/ol>\n<p>In relazione ai suddetti trattamenti, ciascun Interessato pu\u00f2 esercitare i diritti di cui agli articoli da 15 a 22 del Regolamento.<\/p>\n<ol>\n<li>di accesso ai dati personali (art 15 del GDPR);<\/li>\n<li>di ottenere la rettifica o la cancellazione (oblio) degli stessi o la limitazione del trattamento che lo riguardano (art. 16, 17 e 18 del GDPR);<\/li>\n<li>di opporsi al trattamento (art. 21 del GDPR);<\/li>\n<li>alla portabilit\u00e0 dei dati (art. 20 del GDPR);<\/li>\n<li>di revocare il consenso;<\/li>\n<li>di proporre reclamo all&#8217;autorit\u00e0 di controllo (Garante Privacy \u2013 <a href=\"http:\/\/www.garanteprivacy.it\" target=\"_blank\" rel=\"noopener\">garanteprivacy.it<\/a>)<\/li>\n<\/ol>\n<p>Nei casi di opposizione al trattamento dei Dati ai sensi dell\u2019articolo 21 del Regolamento, la Societ\u00e0 si riserva di valutare l\u2019istanza, che non verr\u00e0 accettata in caso sussistano motivi legittimi cogenti per procedere al trattamento che prevalgano sugli interessi, diritti e libert\u00e0 dell\u2019Interessato<\/p>\n<ol start=\"9\">\n<li><strong>Modalit\u00e0 di esercizio dei diritti<\/strong><\/li>\n<\/ol>\n<p>Potr\u00e0 in qualsiasi momento esercitare i diritti inviando:<\/p>\n<ul>\n<li>una raccomandata A.R. GUARDASTELLE SOCIETA\u2019 SEMPLICE AGRICOLA DI FANTACCI SUSANNA &amp; C., SOVESTRO &#8211; 53037 SAN GIMIGNANO (SI);<\/li>\n<li>una e-mail all\u2019indirizzo <a href=\"mailto:info@guardastelle.com\">info@guardastelle.com<\/a><br><br><\/li>\n<\/ul>\n<ol start=\"10\">\n<li><strong>Titolare, responsabile e incaricati<\/strong><\/li>\n<\/ol>\n<p>Il Titolare del trattamento \u00e8 GUARDASTELLE SOCIETA\u2019 SEMPLICE AGRICOLA DI FANTACCI SUSANNA &amp; C., LOC. SOVESTRO &#8211; 53037 SAN GIMIGNANO (SI) PIVA 00912610524<\/p>\n<p>L\u2019elenco aggiornato dei responsabili e degli incaricati al trattamento \u00e8 custodito presso la sede legale del Titolare del trattamento<\/p>\t\t\t\t\t\t<\/div>\n\t\t\t\t<\/div>\n\t\t\t\t\t<\/div>\n\t\t<\/div>\n\t\t\t\t\t\t\t<\/div>\n\t\t<\/section>\n\t\t\t\t\t\t<\/div>\n\t\t\t\t\t<\/div>\n\t\t","protected":false},"excerpt":{"rendered":"<p>TENUTA GUARDASTELLE Informativa Privacy trattamento dati Documento informativo articolo 13 Reg. UE 2016\/679- GDPR&nbsp;&nbsp;&nbsp;&nbsp;&nbsp;&nbsp;&nbsp;&nbsp;&nbsp;&nbsp;&nbsp;&nbsp;&nbsp;&nbsp;&nbsp;&nbsp;&nbsp;&nbsp;&nbsp;&nbsp;&nbsp;&nbsp;&nbsp;&nbsp;&nbsp;&nbsp;&nbsp;&nbsp;&nbsp;&nbsp;&nbsp;&nbsp;&nbsp;&nbsp; GUARDASTELLE SOCIETA\u2019 SEMPLICE AGRICOLA DI FANTACCI SUSANNA &amp; C., LOC. SOVESTRO &#8211; 53037 SAN GIMIGNANO (SI) (in seguito, \u201cTitolare\u201d), in qualit\u00e0 di titolare del trattamento, La informa ai sensi dell\u2019art. 13 Regolamento UE n. 2016\/679 (in seguito, \u201cGDPR\u201d) che i Suoi [&hellip;]<\/p>\n","protected":false},"author":1,"featured_media":999,"parent":0,"menu_order":46,"comment_status":"closed","ping_status":"closed","template":"","meta":{"footnotes":""},"tags":[],"class_list":["post-2262","page","type-page","status-publish","has-post-thumbnail","hentry"],"_links":{"self":[{"href":"https:\/\/guardastelle.com\/it\/wp-json\/wp\/v2\/pages\/2262","targetHints":{"allow":["GET"]}}],"collection":[{"href":"https:\/\/guardastelle.com\/it\/wp-json\/wp\/v2\/pages"}],"about":[{"href":"https:\/\/guardastelle.com\/it\/wp-json\/wp\/v2\/types\/page"}],"author":[{"embeddable":true,"href":"https:\/\/guardastelle.com\/it\/wp-json\/wp\/v2\/users\/1"}],"replies":[{"embeddable":true,"href":"https:\/\/guardastelle.com\/it\/wp-json\/wp\/v2\/comments?post=2262"}],"version-history":[{"count":13,"href":"https:\/\/guardastelle.com\/it\/wp-json\/wp\/v2\/pages\/2262\/revisions"}],"predecessor-version":[{"id":2276,"href":"https:\/\/guardastelle.com\/it\/wp-json\/wp\/v2\/pages\/2262\/revisions\/2276"}],"wp:featuredmedia":[{"embeddable":true,"href":"https:\/\/guardastelle.com\/it\/wp-json\/wp\/v2\/media\/999"}],"wp:attachment":[{"href":"https:\/\/guardastelle.com\/it\/wp-json\/wp\/v2\/media?parent=2262"}],"wp:term":[{"taxonomy":"post_tag","embeddable":true,"href":"https:\/\/guardastelle.com\/it\/wp-json\/wp\/v2\/tags?post=2262"}],"curies":[{"name":"wp","href":"https:\/\/api.w.org\/{rel}","templated":true}]}}