{"id":1789,"date":"2022-11-25T20:07:20","date_gmt":"2022-11-25T20:07:20","guid":{"rendered":"https:\/\/guardastelle.com\/?page_id=1789"},"modified":"2022-11-25T20:09:08","modified_gmt":"2022-11-25T20:09:08","slug":"privacy","status":"publish","type":"page","link":"https:\/\/guardastelle.com\/it\/privacy\/","title":{"rendered":"Privacy"},"content":{"rendered":"\t\t<div data-elementor-type=\"wp-page\" data-elementor-id=\"1789\" class=\"elementor elementor-1789\" data-elementor-settings=\"[]\">\n\t\t\t\t\t\t\t<div class=\"elementor-section-wrap\">\n\t\t\t\t\t\t\t<section class=\"elementor-section elementor-top-section elementor-element elementor-element-f52c305 elementor-section-height-min-height elementor-section-boxed elementor-section-height-default elementor-section-items-middle\" data-id=\"f52c305\" data-element_type=\"section\" data-settings=\"{&quot;background_background&quot;:&quot;classic&quot;}\">\n\t\t\t\t\t\t\t<div class=\"elementor-background-overlay\"><\/div>\n\t\t\t\t\t\t\t<div class=\"elementor-container elementor-column-gap-default\">\n\t\t\t\t\t<div class=\"elementor-column elementor-col-100 elementor-top-column elementor-element elementor-element-e346b0f\" data-id=\"e346b0f\" data-element_type=\"column\">\n\t\t\t<div class=\"elementor-widget-wrap elementor-element-populated\">\n\t\t\t\t\t\t\t\t<div class=\"elementor-element elementor-element-4be435b elementor-widget elementor-widget-heading\" data-id=\"4be435b\" data-element_type=\"widget\" data-widget_type=\"heading.default\">\n\t\t\t\t<div class=\"elementor-widget-container\">\n\t\t\t<style>\/*! elementor - v3.5.5 - 03-02-2022 *\/\n.elementor-heading-title{padding:0;margin:0;line-height:1}.elementor-widget-heading .elementor-heading-title[class*=elementor-size-]>a{color:inherit;font-size:inherit;line-height:inherit}.elementor-widget-heading .elementor-heading-title.elementor-size-small{font-size:15px}.elementor-widget-heading .elementor-heading-title.elementor-size-medium{font-size:19px}.elementor-widget-heading .elementor-heading-title.elementor-size-large{font-size:29px}.elementor-widget-heading .elementor-heading-title.elementor-size-xl{font-size:39px}.elementor-widget-heading .elementor-heading-title.elementor-size-xxl{font-size:59px}<\/style><h6 class=\"elementor-heading-title elementor-size-default\">TENUTA GUARDASTELLE<\/h6>\t\t<\/div>\n\t\t\t\t<\/div>\n\t\t\t\t<div class=\"elementor-element elementor-element-c5ebc32 elementor-widget elementor-widget-heading\" data-id=\"c5ebc32\" data-element_type=\"widget\" data-widget_type=\"heading.default\">\n\t\t\t\t<div class=\"elementor-widget-container\">\n\t\t\t<h2 class=\"elementor-heading-title elementor-size-default\">Privacy<\/h2>\t\t<\/div>\n\t\t\t\t<\/div>\n\t\t\t\t\t<\/div>\n\t\t<\/div>\n\t\t\t\t\t\t\t<\/div>\n\t\t<\/section>\n\t\t\t\t<section class=\"elementor-section elementor-top-section elementor-element elementor-element-4af8da4 elementor-section-boxed elementor-section-height-default elementor-section-height-default\" data-id=\"4af8da4\" data-element_type=\"section\">\n\t\t\t\t\t\t<div class=\"elementor-container elementor-column-gap-default\">\n\t\t\t\t\t<div class=\"elementor-column elementor-col-100 elementor-top-column elementor-element elementor-element-ee50bb4\" data-id=\"ee50bb4\" data-element_type=\"column\">\n\t\t\t<div class=\"elementor-widget-wrap elementor-element-populated\">\n\t\t\t\t\t\t\t\t<div class=\"elementor-element elementor-element-ca71917 elementor-widget elementor-widget-text-editor\" data-id=\"ca71917\" data-element_type=\"widget\" data-widget_type=\"text-editor.default\">\n\t\t\t\t<div class=\"elementor-widget-container\">\n\t\t\t<style>\/*! elementor - v3.5.5 - 03-02-2022 *\/\n.elementor-widget-text-editor.elementor-drop-cap-view-stacked .elementor-drop-cap{background-color:#818a91;color:#fff}.elementor-widget-text-editor.elementor-drop-cap-view-framed .elementor-drop-cap{color:#818a91;border:3px solid;background-color:transparent}.elementor-widget-text-editor:not(.elementor-drop-cap-view-default) .elementor-drop-cap{margin-top:8px}.elementor-widget-text-editor:not(.elementor-drop-cap-view-default) .elementor-drop-cap-letter{width:1em;height:1em}.elementor-widget-text-editor .elementor-drop-cap{float:left;text-align:center;line-height:1;font-size:50px}.elementor-widget-text-editor .elementor-drop-cap-letter{display:inline-block}<\/style>\t\t\t\t<h2>Informativa Privacy trattamento dati<\/h2><p><strong>Documento informativo articolo 13 Reg. UE 2016\/679- GDPR<\/strong><\/p><p><strong><em>Oggetto: Informativa per trattamento di dati personali raccolti presso l\u2019interessato tramite il sito Web<\/em><\/strong><\/p><p>Nel rispetto di quanto previsto dal Reg. UE 2016\/679 (Regolamento Europeo per la protezione dei dati personali) Le forniamo le dovute informazioni in ordine al trattamento dei dati personali forniti.<\/p><p>L\u2019informativa si riferisce al sito www.guardastelle.com, e non \u00e8 da considerarsi valida per altri siti web eventualmente consultabili tramite links presenti sui siti internet a dominio del titolare, che non \u00e8 da considerarsi in alcun modo responsabile dei siti internet dei terzi.<\/p><p>Si tratta di un\u2019informativa che \u00e8 resa ai sensi dell\u2019art. 13 della Reg. UE 2016\/679 (Regolamento Europeo per la protezione dei dati personali) e si ispira anche a quanto previsto dalla Direttiva 2002\/58\/CE, come aggiornata dalla Direttiva 2009\/136\/CE, in materia di Cookies nonch\u00e9 a quanto previsto dal Provvedimento dell\u2019Autorit\u00e0 Garante per la protezione dei dati personali del 08.05.2014 in materia di cookies.<\/p><ol><li><strong>SOGGETTI DEL TRATTAMENTO<\/strong><\/li><\/ol><p>TITOLARE DEL TRATTAMENTO, ai sensi degli artt. 4 e 24 del Reg. UE 2016\/679 \u00e8 Guardastelle Societ\u00e0 Semplice Agricola Di Fantacci Susanna &amp; C. Loc. Sovestro &#8211; 53037 San Gimignano (SI). in seguito, (\u201cTitolare\u201d)<\/p><ol start=\"2\"><li><strong>FINALIT\u00c0 E LICEITA\u2019 DEL TRATTAMENTO<\/strong><\/li><\/ol><p>I dati di natura personale forniti, saranno oggetto di trattamento nel rispetto delle condizioni di liceit\u00e0 ex art. 6 Reg. UE 2016\/679 per le seguenti finalit\u00e0:<\/p><ol><li>Gestione trattamento dati inerente (art. 6 lett. b)):<\/li><\/ol><ul><li>navigazione sul presente sito web;<\/li><li>eventuale compilazione di form di raccolta dati per l\u2019invio di una richiesta informazioni al titolare del trattamento;<\/li><li>adempimento ai vigenti obblighi di natura amministrativa, contabile e fiscale, nonch\u00e9 per ottemperare a leggi e regolamenti. Ai fini dell\u2019applicazione delle disposizioni in materia di protezione dei dati personali, i trattamenti effettuati per finalit\u00e0 amministrativo-contabili sono quelli connessi allo svolgimento delle attivit\u00e0 di natura organizzativa, amministrativa, finanziaria e contabile, a prescindere dalla natura dei dati trattati.<\/li><\/ul><p>I dati personali forniti volontariamente e facoltativamente dagli utenti che inoltrano richieste per ricevere informazioni sui servizi dell&#8217;hotel (prezzi, disponibilit\u00e0 delle camere e delle sale congressi, ecc.), si registrano alla newsletter, effettuano prenotazioni on line, o semplicemente inoltrano richieste di assunzione tramite l&#8217;invio di curricula in formato elettronico, sono utilizzati al solo fine di eseguire il servizio o la prestazione richiesta e non sono comunicati a terzi salvo che la comunicazione sia imposta da obblighi di legge o sia strettamente pertinente e necessaria per l&#8217;adempimento delle richieste.<\/p><ol start=\"3\"><li><strong>DATI DI NAVIGAZIONE<\/strong><\/li><\/ol><p>Come tutti i siti web anche il presente sito fa uso di log files nei quali vengono conservate informazioni raccolte in maniera automatizzata durante le visite degli utenti. Le informazioni raccolte potrebbero essere le seguenti:<\/p><ul><li>indirizzo internet protocol (IP);<\/li><li>tipo di browser e parametri del dispositivo usato per connettersi al sito;<\/li><li>nome dell&#8217;internet service provider (ISP);<\/li><li>data e orario di visita;<\/li><li>pagina web di provenienza del visitatore (referral) e di uscita;<\/li><li>eventualmente il numero di click.<\/li><\/ul><p>Si tratta di informazioni che non sono raccolte per essere associate a interessati identificati, ma che per loro stessa natura potrebbero, attraverso elaborazioni ed associazioni con dati detenuti da terzi, permettere di identificare gli utenti.<\/p><ol start=\"4\"><li><strong>DATI FORNITI VOLONTARIAMENTE DALL&#8217;UTENTE<\/strong><\/li><\/ol><p>L&#8217;invio facoltativo, esplicito e volontario di posta elettronica agli indirizzi indicati su questo sito comporta la successiva acquisizione dell&#8217;indirizzo del mittente, necessario per rispondere alle richieste, nonch\u00e9 degli eventuali altri dati personali inseriti nella missiva.<\/p><ol start=\"5\"><li><strong>DESTINATARI O CATEGORIE DI DESTINATARI DEI DATI <\/strong><\/li><\/ol><p>I dati di natura personale forniti tramite contatti mail o tramite l\u2019eventuale curriculum spontaneamente inviato al titolare potranno essere comunicati a destinatari, che tratteranno i dati in qualit\u00e0 di responsabili e\/o in qualit\u00e0 di persone fisiche che agiscono sotto l\u2019autorit\u00e0 del Titolare, al fine di ottemperare ai contratti o finalit\u00e0 connesse.<\/p><p>Precisamente, i dati potranno essere comunicati a destinatari appartenenti alle seguenti categorie:<\/p><ul><li>Soggetti che forniscono servizi per la gestione del sistema informativo e delle reti di comunicazione di Guardastelle Societ\u00e0 Semplice Agricola Di Fantacci Susanna &amp; C. (ivi compresa la posta elettronica);<\/li><li>Studi o Societ\u00e0 nell\u2019ambito di rapporti di assistenza e consulenza;<\/li><li>Autorit\u00e0 competenti per adempimenti di obblighi di legge e\/o di disposizioni di organi pubblici, su richiesta;<\/li><li>In caso di finalit\u00e0 amministrativo contabile, i dati potranno eventualmente essere trasmessi a societ\u00e0 di informazione commerciale per la valutazione della solvibilit\u00e0 e delle abitudini di pagamento e\/o a soggetti per finalit\u00e0 di recupero crediti.<\/li><li>Nel caso di spontanea candidatura I suoi dati saranno conservati presso la nostra sede e saranno comunicati esclusivamente ai soggetti competenti per l&#8217;espletamento dei servizi necessari, con garanzia di tutela dei diritti dell&#8217;interessato. I suoi dati saranno trattati unicamente da personale espressamente autorizzato dal Titolare ed, in particolare, dalle seguenti categorie di soggetti incaricati:<ul><li>Direzione e Amministrazione di Guardastelle Societ\u00e0 Semplice Agricola Di Fantacci Susanna &amp; C. con funzioni di Amministratore di Sistema e di Gestione e Amministrazione del Personale<\/li><\/ul><\/li><\/ul><p>I soggetti appartenenti alle categorie suddette svolgono la funzione di Responsabile del trattamento dei dati, oppure operano in totale autonomia come distinti Titolari del trattamento<\/p><ol start=\"6\"><li><strong>TITOLARE DEL TRATTEMENTO <\/strong><\/li><\/ol><p>I dati raccolti dal sito sono trattati presso la sede del Titolare del Trattamento, e presso il datacenter del web Hosting. Il web hosting, che \u00e8 responsabile del trattamento dei dati, elaborando i dati per conto del titolare, si trova nello Spazio Economico Europeo e agisce in conformit\u00e0 delle norme europee.<\/p><p>L\u2019elenco dei Responsabili del trattamento designati \u00e8 costantemente aggiornato e disponibile presso la sede di Guardastelle Societ\u00e0 Semplice Agricola Di Fantacci Susanna &amp; C<\/p><ol start=\"7\"><li><strong>TRASFERIMENTO DATI VERSO UN PAESE TERZO E\/O UN\u2019ORGANIZZAZIONE INTERNAZIONALE<\/strong><\/li><\/ol><p>I dati di natura personale forniti, non saranno trasferiti all\u2019estero all\u2019interno o all\u2019esterno dell\u2019Unione Europea.<\/p><ol start=\"8\"><li><strong>PERIODO DI CONSERVAZIONE E CRITERI<\/strong><\/li><\/ol><p>Il trattamento sar\u00e0 svolto in forma automatizzata e\/o manuale, con modalit\u00e0 e strumenti volti a garantire la massima sicurezza e riservatezza, ad opera di soggetti di ci\u00f2 appositamente incaricati.<\/p><p>Nel rispetto di quanto previsto dall\u2019art. 5 comma 1 lett. e) del Reg. UE 2016\/679 i dati personali raccolti verranno conservati in una forma che consenta l\u2019identificazione degli interessati per un arco di tempo non superiore al conseguimento delle finalit\u00e0 per le quali i dati personali sono trattati. Per conoscere i criteri posti alla base del periodo di conservazione dei dati scrivere a info@guardastelle.com<\/p><ol start=\"9\"><li><strong>NATURA DEL CONFERIMENTO E RIFIUTO<\/strong><\/li><\/ol><p>A parte quanto specificato per i dati di navigazione, l\u2019utente \u00e8 libero di fornire i dati personali in aree dedicate sul sito.<\/p><p>Il conferimento dei dati personali per le finalit\u00e0 di cui al presente documento informativo \u00e8 necessario per perfezionare le specifiche funzionalit\u00e0 e fruire dei servizi offerti al Titolare del trattamento, ad esempio per ricevere riscontro alla richiesta di informazioni inoltrata. Il mancato conferimento dei dati personali pu\u00f2 comportare l\u2019impossibilit\u00e0 di ottenere il servizio richiesto o di fruire dei servizi offerti dal sito.<\/p><ol start=\"10\"><li><strong>DIRITTI DEGLI INTERESSATI<\/strong><\/li><\/ol><p>Lei potr\u00e0 far valere i propri diritti come espressi dagli artt. 15 \u2013 diritto di accesso, 16 &#8211; diritto di rettifica, 17 \u2013 diritto alla cancellazione, 18 \u2013 diritto alla limitazione del trattamento, 20 \u2013 diritto alla portabilit\u00e0, 21 \u2013 diritto di opposizione, 22 diritto di opposizione al processo decisionale automatizzato del GDPR 679\/16 del Regolamento UE 2016\/679, rivolgendosi al Titolare, scrivendo all\u2019indirizzo <a href=\"mailto:info@guardastelle.com\">info@guardastelle.com<\/a><\/p><p>Lei ha il diritto, in qualunque momento, di chiedere al Titolare del trattamento l\u2019accesso ai Suoi dati personali, la rettifica, la cancellazione degli stessi, la limitazione del trattamento.<\/p><p>Inoltre, ha il diritto di opporsi, in qualsiasi momento, al trattamento dei suoi dati (compresi i trattamenti automatizzati, es. la profilazione) nonch\u00e9 alla portabilit\u00e0 dei suoi dati.\u00a0<\/p><p>Fatto salvo ogni altro ricorso amministrativo e giurisdizionale, se ritiene che il trattamento dei dati che la riguardano, violi quanto previsto dal Reg. UE 2016\/679, ai sensi dell\u2019art. 15 lettera f) del succitato Reg. UE 2016\/679,<\/p><p>Lei ha il diritto di proporre reclamo al Garante per la protezione dei dati personali e, con riferimento all\u2019art. 6 paragrafo 1, lettera a) e art. 9, paragrafo 2, lettera a), ha il diritto di revocare in qualsiasi momento il consenso prestato. Link al sito del Garante della Privacy: <a href=\"http:\/\/www.garanteprivacy.it\/web\/guest\/home\/docweb\/-\/docweb-display\/docweb\/4535524\" target=\"_blank\" rel=\"noopener\">http:\/\/www.garanteprivacy.it\/web\/guest\/home\/docweb\/-\/docweb-display\/docweb\/4535524<\/a>.\u00a0\u00a0\u00a0\u00a0<\/p><p>Nel caso di richiesta di portabilit\u00e0 del dato il Titolare del trattamento Le fornir\u00e0 in un formato strutturato, di uso comune e leggibile, da dispositivo automatico, i dati personali che la riguardano, fatto salvo i commi 3 e 4 dell\u2019art. 20 del Reg. UE 2016\/679.<\/p><p>\u00a0<\/p>\t\t\t\t\t\t<\/div>\n\t\t\t\t<\/div>\n\t\t\t\t\t<\/div>\n\t\t<\/div>\n\t\t\t\t\t\t\t<\/div>\n\t\t<\/section>\n\t\t\t\t\t\t<\/div>\n\t\t\t\t\t<\/div>\n\t\t","protected":false},"excerpt":{"rendered":"<p>TENUTA GUARDASTELLE Informativa Privacy trattamento dati Documento informativo articolo 13 Reg. UE 2016\/679- GDPR Oggetto: Informativa per trattamento di dati personali raccolti presso l\u2019interessato tramite il sito Web Nel rispetto di quanto previsto dal Reg. UE 2016\/679 (Regolamento Europeo per la protezione dei dati personali) Le forniamo le dovute informazioni in ordine al trattamento dei [&hellip;]<\/p>\n","protected":false},"author":1,"featured_media":999,"parent":0,"menu_order":44,"comment_status":"closed","ping_status":"closed","template":"","meta":{"footnotes":""},"tags":[],"class_list":["post-1789","page","type-page","status-publish","has-post-thumbnail","hentry"],"_links":{"self":[{"href":"https:\/\/guardastelle.com\/it\/wp-json\/wp\/v2\/pages\/1789","targetHints":{"allow":["GET"]}}],"collection":[{"href":"https:\/\/guardastelle.com\/it\/wp-json\/wp\/v2\/pages"}],"about":[{"href":"https:\/\/guardastelle.com\/it\/wp-json\/wp\/v2\/types\/page"}],"author":[{"embeddable":true,"href":"https:\/\/guardastelle.com\/it\/wp-json\/wp\/v2\/users\/1"}],"replies":[{"embeddable":true,"href":"https:\/\/guardastelle.com\/it\/wp-json\/wp\/v2\/comments?post=1789"}],"version-history":[{"count":4,"href":"https:\/\/guardastelle.com\/it\/wp-json\/wp\/v2\/pages\/1789\/revisions"}],"predecessor-version":[{"id":1794,"href":"https:\/\/guardastelle.com\/it\/wp-json\/wp\/v2\/pages\/1789\/revisions\/1794"}],"wp:featuredmedia":[{"embeddable":true,"href":"https:\/\/guardastelle.com\/it\/wp-json\/wp\/v2\/media\/999"}],"wp:attachment":[{"href":"https:\/\/guardastelle.com\/it\/wp-json\/wp\/v2\/media?parent=1789"}],"wp:term":[{"taxonomy":"post_tag","embeddable":true,"href":"https:\/\/guardastelle.com\/it\/wp-json\/wp\/v2\/tags?post=1789"}],"curies":[{"name":"wp","href":"https:\/\/api.w.org\/{rel}","templated":true}]}}