{"id":151,"date":"2022-08-24T15:38:35","date_gmt":"2022-08-24T15:38:35","guid":{"rendered":"https:\/\/guardastelle.com\/?page_id=151"},"modified":"2022-12-21T16:26:34","modified_gmt":"2022-12-21T16:26:34","slug":"camere","status":"publish","type":"page","link":"https:\/\/guardastelle.com\/it\/camere\/","title":{"rendered":"Camere"},"content":{"rendered":"\t\t<div data-elementor-type=\"wp-page\" data-elementor-id=\"151\" class=\"elementor elementor-151\" data-elementor-settings=\"[]\">\n\t\t\t\t\t\t\t<div class=\"elementor-section-wrap\">\n\t\t\t\t\t\t\t<section class=\"elementor-section elementor-top-section elementor-element elementor-element-444b8af elementor-section-full_width elementor-section-height-default elementor-section-height-default\" data-id=\"444b8af\" data-element_type=\"section\">\n\t\t\t\t\t\t<div class=\"elementor-container elementor-column-gap-no\">\n\t\t\t\t\t<div class=\"elementor-column elementor-col-100 elementor-top-column elementor-element elementor-element-5f381ad\" data-id=\"5f381ad\" data-element_type=\"column\">\n\t\t\t<div class=\"elementor-widget-wrap elementor-element-populated\">\n\t\t\t\t\t\t\t\t<div class=\"elementor-element elementor-element-42ccccb elementor-widget elementor-widget-template\" data-id=\"42ccccb\" data-element_type=\"widget\" data-widget_type=\"template.default\">\n\t\t\t\t<div class=\"elementor-widget-container\">\n\t\t\t\t\t<div class=\"elementor-template\">\n\t\t\t\t\t<div data-elementor-type=\"section\" data-elementor-id=\"2760\" class=\"elementor elementor-2760 elementor-2148\" data-elementor-settings=\"[]\">\n\t\t\t\t\t\t\t\t<section class=\"elementor-section elementor-top-section elementor-element elementor-element-2accdd9a elementor-section-height-min-height elementor-section-boxed elementor-section-height-default elementor-section-items-middle\" data-id=\"2accdd9a\" data-element_type=\"section\" data-settings=\"{&quot;background_background&quot;:&quot;classic&quot;}\">\n\t\t\t\t\t\t\t<div class=\"elementor-background-overlay\"><\/div>\n\t\t\t\t\t\t\t<div class=\"elementor-container elementor-column-gap-default\">\n\t\t\t\t\t<div class=\"elementor-column elementor-col-100 elementor-top-column elementor-element elementor-element-72373de8\" data-id=\"72373de8\" data-element_type=\"column\">\n\t\t\t<div class=\"elementor-widget-wrap elementor-element-populated\">\n\t\t\t\t\t\t\t\t<div class=\"elementor-element elementor-element-2c1a5e4d elementor-widget elementor-widget-heading\" data-id=\"2c1a5e4d\" data-element_type=\"widget\" data-widget_type=\"heading.default\">\n\t\t\t\t<div class=\"elementor-widget-container\">\n\t\t\t<style>\/*! elementor - v3.5.5 - 03-02-2022 *\/\n.elementor-heading-title{padding:0;margin:0;line-height:1}.elementor-widget-heading .elementor-heading-title[class*=elementor-size-]>a{color:inherit;font-size:inherit;line-height:inherit}.elementor-widget-heading .elementor-heading-title.elementor-size-small{font-size:15px}.elementor-widget-heading .elementor-heading-title.elementor-size-medium{font-size:19px}.elementor-widget-heading .elementor-heading-title.elementor-size-large{font-size:29px}.elementor-widget-heading .elementor-heading-title.elementor-size-xl{font-size:39px}.elementor-widget-heading .elementor-heading-title.elementor-size-xxl{font-size:59px}<\/style><h6 class=\"elementor-heading-title elementor-size-default\">Tenuta Guardastelle San Gimignano<\/h6>\t\t<\/div>\n\t\t\t\t<\/div>\n\t\t\t\t<div class=\"elementor-element elementor-element-25e1bd22 elementor-widget elementor-widget-heading\" data-id=\"25e1bd22\" data-element_type=\"widget\" data-widget_type=\"heading.default\">\n\t\t\t\t<div class=\"elementor-widget-container\">\n\t\t\t<h2 class=\"elementor-heading-title elementor-size-default\">Camere<\/h2>\t\t<\/div>\n\t\t\t\t<\/div>\n\t\t\t\t<div class=\"elementor-element elementor-element-41c43ec elementor-widget elementor-widget-button\" data-id=\"41c43ec\" data-element_type=\"widget\" data-widget_type=\"button.default\">\n\t\t\t\t<div class=\"elementor-widget-container\">\n\t\t\t\t\t<div class=\"elementor-button-wrapper\">\n\t\t\t<a href=\"https:\/\/reservations.verticalbooking.com\/premium\/index.html?id_stile=15421&#038;headvar=ok&#038;lingua_int=ita&#038;id_albergo=20617&#038;dc=3999\" target=\"_blank\" class=\"elementor-button-link elementor-button elementor-size-sm\" role=\"button\">\n\t\t\t\t\t\t<span class=\"elementor-button-content-wrapper\">\n\t\t\t\t\t\t<span class=\"elementor-button-text\">Prenota Ora<\/span>\n\t\t<\/span>\n\t\t\t\t\t<\/a>\n\t\t<\/div>\n\t\t\t\t<\/div>\n\t\t\t\t<\/div>\n\t\t\t\t\t<\/div>\n\t\t<\/div>\n\t\t\t\t\t\t\t<\/div>\n\t\t<\/section>\n\t\t\t\t\t\t<\/div>\n\t\t\t\t<\/div>\n\t\t\t\t<\/div>\n\t\t\t\t<\/div>\n\t\t\t\t\t<\/div>\n\t\t<\/div>\n\t\t\t\t\t\t\t<\/div>\n\t\t<\/section>\n\t\t\t\t<section class=\"elementor-section elementor-top-section elementor-element elementor-element-b39a5d7 elementor-section-boxed elementor-section-height-default elementor-section-height-default\" data-id=\"b39a5d7\" data-element_type=\"section\">\n\t\t\t\t\t\t<div class=\"elementor-container elementor-column-gap-default\">\n\t\t\t\t\t<div class=\"elementor-column elementor-col-100 elementor-top-column elementor-element elementor-element-f9adfda\" data-id=\"f9adfda\" data-element_type=\"column\">\n\t\t\t<div class=\"elementor-widget-wrap elementor-element-populated\">\n\t\t\t\t\t\t\t\t<div class=\"elementor-element elementor-element-8ca37ab elementor-widget elementor-widget-heading\" data-id=\"8ca37ab\" data-element_type=\"widget\" data-widget_type=\"heading.default\">\n\t\t\t\t<div class=\"elementor-widget-container\">\n\t\t\t<h2 class=\"elementor-heading-title elementor-size-default\">Le Camere<\/h2>\t\t<\/div>\n\t\t\t\t<\/div>\n\t\t\t\t<div class=\"elementor-element elementor-element-dbf9d66 elementor-widget elementor-widget-text-editor\" data-id=\"dbf9d66\" data-element_type=\"widget\" data-widget_type=\"text-editor.default\">\n\t\t\t\t<div class=\"elementor-widget-container\">\n\t\t\t<style>\/*! elementor - v3.5.5 - 03-02-2022 *\/\n.elementor-widget-text-editor.elementor-drop-cap-view-stacked .elementor-drop-cap{background-color:#818a91;color:#fff}.elementor-widget-text-editor.elementor-drop-cap-view-framed .elementor-drop-cap{color:#818a91;border:3px solid;background-color:transparent}.elementor-widget-text-editor:not(.elementor-drop-cap-view-default) .elementor-drop-cap{margin-top:8px}.elementor-widget-text-editor:not(.elementor-drop-cap-view-default) .elementor-drop-cap-letter{width:1em;height:1em}.elementor-widget-text-editor .elementor-drop-cap{float:left;text-align:center;line-height:1;font-size:50px}.elementor-widget-text-editor .elementor-drop-cap-letter{display:inline-block}<\/style>\t\t\t\t<p><span style=\"font-weight: 400;\">La maggior parte delle camere ha <strong>travi a vista con mezzane in cotto<\/strong>, solamente Renato ha il <strong>soffitto a volte<\/strong>. Tutti i pavimenti sono stati realizzati con materiale naturale e lavorati a mano, quindi ognuno diverso dall\u2019altro, dando ai pavimenti una caratteristica unica.<\/span><\/p><p><span style=\"font-weight: 400;\">Ogni camera \u00e8 dotata di <\/span><b>minibar con bevande 100% toscane<\/b><span style=\"font-weight: 400;\">, bagno privato, biancheria per il letto e per il bagno e di teli per la piscina (<i>durante il periodo di apertura della stessa<\/i>). Biscotti della nostra Stefania, t\u00e8 e caff\u00e8 sono disponibili per tutti gli ospiti nella sala pranzo. Un&#8217;abbondante colazione a buffet \u00e8 inclusa e preparata con ingredienti locali; viene servita nella sala centrale ma nei periodi di bella stagione prepariamo i tavoli nel terrazzo panoramico con <\/span><b>vista sulle torri di San Gimignano<\/b><span style=\"font-weight: 400;\">.<\/span><\/p><p><span style=\"font-weight: 400;\">Per valorizzare la scoperta di un territorio ricco di storia, cultura e tradizioni, abbiamo scelto di <\/span><b>non mettere televisori nelle camere<\/b><span style=\"font-weight: 400;\">; \u00e8 comunque disponibile una <\/span><b>rete wi-fi<\/b><span style=\"font-weight: 400;\"> in tutte le camere. Per le aree comuni invece abbiamo preferito non installare tecnologie che possano distrarre dalla socializzazione.<\/span><\/p>\t\t\t\t\t\t<\/div>\n\t\t\t\t<\/div>\n\t\t\t\t\t<\/div>\n\t\t<\/div>\n\t\t\t\t\t\t\t<\/div>\n\t\t<\/section>\n\t\t\t\t<section class=\"elementor-section elementor-top-section elementor-element elementor-element-485a264 elementor-section-boxed elementor-section-height-default elementor-section-height-default\" data-id=\"485a264\" data-element_type=\"section\">\n\t\t\t\t\t\t<div class=\"elementor-container elementor-column-gap-default\">\n\t\t\t\t\t<div class=\"elementor-column elementor-col-100 elementor-top-column elementor-element elementor-element-b614954\" data-id=\"b614954\" data-element_type=\"column\">\n\t\t\t<div class=\"elementor-widget-wrap elementor-element-populated\">\n\t\t\t\t\t\t\t\t<div class=\"elementor-element elementor-element-3407cc9 elementor-grid-2 elementor-grid-tablet-2 elementor-grid-mobile-1 elementor-posts--thumbnail-top elementor-card-shadow-yes elementor-posts__hover-gradient elementor-widget elementor-widget-posts\" data-id=\"3407cc9\" data-element_type=\"widget\" data-settings=\"{&quot;cards_columns&quot;:&quot;2&quot;,&quot;cards_columns_tablet&quot;:&quot;2&quot;,&quot;cards_columns_mobile&quot;:&quot;1&quot;,&quot;cards_row_gap&quot;:{&quot;unit&quot;:&quot;px&quot;,&quot;size&quot;:35,&quot;sizes&quot;:[]},&quot;cards_row_gap_tablet&quot;:{&quot;unit&quot;:&quot;px&quot;,&quot;size&quot;:&quot;&quot;,&quot;sizes&quot;:[]},&quot;cards_row_gap_mobile&quot;:{&quot;unit&quot;:&quot;px&quot;,&quot;size&quot;:&quot;&quot;,&quot;sizes&quot;:[]}}\" data-widget_type=\"posts.cards\">\n\t\t\t\t<div class=\"elementor-widget-container\">\n\t\t\t<link rel=\"stylesheet\" href=\"https:\/\/guardastelle.com\/wp-content\/plugins\/elementor-pro\/assets\/css\/widget-posts.min.css\">\t\t<div class=\"elementor-posts-container elementor-posts elementor-posts--skin-cards elementor-grid\">\n\t\t\t\t<article class=\"elementor-post elementor-grid-item post-315 rooms type-rooms status-publish has-post-thumbnail hentry\">\n\t\t\t<div class=\"elementor-post__card\">\n\t\t\t\t<a class=\"elementor-post__thumbnail__link\" href=\"https:\/\/guardastelle.com\/it\/rooms\/teresa-room\/\" ><div class=\"elementor-post__thumbnail\"><img loading=\"lazy\" decoding=\"async\" width=\"768\" height=\"513\" src=\"https:\/\/guardastelle.com\/wp-content\/uploads\/2022\/08\/teresa-new-6-768x513.jpg\" class=\"attachment-medium_large size-medium_large\" alt=\"\" srcset=\"https:\/\/guardastelle.com\/wp-content\/uploads\/2022\/08\/teresa-new-6-768x513.jpg 768w, https:\/\/guardastelle.com\/wp-content\/uploads\/2022\/08\/teresa-new-6-300x200.jpg 300w, https:\/\/guardastelle.com\/wp-content\/uploads\/2022\/08\/teresa-new-6-600x401.jpg 600w, https:\/\/guardastelle.com\/wp-content\/uploads\/2022\/08\/teresa-new-6-1024x684.jpg 1024w, https:\/\/guardastelle.com\/wp-content\/uploads\/2022\/08\/teresa-new-6-1536x1025.jpg 1536w, https:\/\/guardastelle.com\/wp-content\/uploads\/2022\/08\/teresa-new-6.jpg 1600w\" sizes=\"auto, (max-width: 768px) 100vw, 768px\" \/><\/div><\/a>\n\t\t\t\t<div class=\"elementor-post__text\">\n\t\t\t\t<h3 class=\"elementor-post__title\">\n\t\t\t<a href=\"https:\/\/guardastelle.com\/it\/rooms\/teresa-room\/\" >\n\t\t\t\tTeresa\t\t\t<\/a>\n\t\t<\/h3>\n\t\t\t\t<div class=\"elementor-post__excerpt\">\n\t\t\t<p>I colori vivaci e il tipico soffitto con travi a vista conferiscono a questa camera un&#8217;atmosfera calda e intima. Dotata di un comodo letto matrimoniale,<\/p>\n\t\t<\/div>\n\t\t\t\t<\/div>\n\t\t\t\t\t<\/div>\n\t\t<\/article>\n\t\t\t\t<article class=\"elementor-post elementor-grid-item post-270 rooms type-rooms status-publish has-post-thumbnail hentry\">\n\t\t\t<div class=\"elementor-post__card\">\n\t\t\t\t<a class=\"elementor-post__thumbnail__link\" href=\"https:\/\/guardastelle.com\/it\/rooms\/renato-room\/\" ><div class=\"elementor-post__thumbnail\"><img loading=\"lazy\" decoding=\"async\" width=\"768\" height=\"513\" src=\"https:\/\/guardastelle.com\/wp-content\/uploads\/2022\/08\/Renato3.jpg\" class=\"attachment-medium_large size-medium_large\" alt=\"\" srcset=\"https:\/\/guardastelle.com\/wp-content\/uploads\/2022\/08\/Renato3.jpg 1600w, https:\/\/guardastelle.com\/wp-content\/uploads\/2022\/08\/Renato3-300x200.jpg 300w, https:\/\/guardastelle.com\/wp-content\/uploads\/2022\/08\/Renato3-600x401.jpg 600w\" sizes=\"auto, (max-width: 768px) 100vw, 768px\" \/><\/div><\/a>\n\t\t\t\t<div class=\"elementor-post__text\">\n\t\t\t\t<h3 class=\"elementor-post__title\">\n\t\t\t<a href=\"https:\/\/guardastelle.com\/it\/rooms\/renato-room\/\" >\n\t\t\t\tRenato\t\t\t<\/a>\n\t\t<\/h3>\n\t\t\t\t<div class=\"elementor-post__excerpt\">\n\t\t\t<p>Questa grande camera si affaccia sulla campagna toscana e dalla finestra si possono ammirare le dolci colline punteggiate di viti e ulivi di giorno e<\/p>\n\t\t<\/div>\n\t\t\t\t<\/div>\n\t\t\t\t\t<\/div>\n\t\t<\/article>\n\t\t\t\t<article class=\"elementor-post elementor-grid-item post-254 rooms type-rooms status-publish has-post-thumbnail hentry\">\n\t\t\t<div class=\"elementor-post__card\">\n\t\t\t\t<a class=\"elementor-post__thumbnail__link\" href=\"https:\/\/guardastelle.com\/it\/rooms\/francesca-room\/\" ><div class=\"elementor-post__thumbnail\"><img loading=\"lazy\" decoding=\"async\" width=\"768\" height=\"513\" src=\"https:\/\/guardastelle.com\/wp-content\/uploads\/2022\/08\/Francesca4.jpg\" class=\"attachment-medium_large size-medium_large\" alt=\"\" srcset=\"https:\/\/guardastelle.com\/wp-content\/uploads\/2022\/08\/Francesca4.jpg 1600w, https:\/\/guardastelle.com\/wp-content\/uploads\/2022\/08\/Francesca4-300x200.jpg 300w, https:\/\/guardastelle.com\/wp-content\/uploads\/2022\/08\/Francesca4-600x401.jpg 600w\" sizes=\"auto, (max-width: 768px) 100vw, 768px\" \/><\/div><\/a>\n\t\t\t\t<div class=\"elementor-post__text\">\n\t\t\t\t<h3 class=\"elementor-post__title\">\n\t\t\t<a href=\"https:\/\/guardastelle.com\/it\/rooms\/francesca-room\/\" >\n\t\t\t\tFrancesca\t\t\t<\/a>\n\t\t<\/h3>\n\t\t\t\t<div class=\"elementor-post__excerpt\">\n\t\t\t<p>Francesca \u00e8 una camera romantica che si distingue per le sue sfumature morbide e delicate. La finestra di fronte al grande letto matrimoniale offre un&#8217;ampia<\/p>\n\t\t<\/div>\n\t\t\t\t<\/div>\n\t\t\t\t\t<\/div>\n\t\t<\/article>\n\t\t\t\t<article class=\"elementor-post elementor-grid-item post-177 rooms type-rooms status-publish has-post-thumbnail hentry\">\n\t\t\t<div class=\"elementor-post__card\">\n\t\t\t\t<a class=\"elementor-post__thumbnail__link\" href=\"https:\/\/guardastelle.com\/it\/rooms\/sibilla-room\/\" ><div class=\"elementor-post__thumbnail\"><img loading=\"lazy\" decoding=\"async\" width=\"768\" height=\"513\" src=\"https:\/\/guardastelle.com\/wp-content\/uploads\/2022\/08\/sibilla02.jpg\" class=\"attachment-medium_large size-medium_large\" alt=\"\" srcset=\"https:\/\/guardastelle.com\/wp-content\/uploads\/2022\/08\/sibilla02.jpg 1600w, https:\/\/guardastelle.com\/wp-content\/uploads\/2022\/08\/sibilla02-300x200.jpg 300w, https:\/\/guardastelle.com\/wp-content\/uploads\/2022\/08\/sibilla02-600x401.jpg 600w\" sizes=\"auto, (max-width: 768px) 100vw, 768px\" \/><\/div><\/a>\n\t\t\t\t<div class=\"elementor-post__text\">\n\t\t\t\t<h3 class=\"elementor-post__title\">\n\t\t\t<a href=\"https:\/\/guardastelle.com\/it\/rooms\/sibilla-room\/\" >\n\t\t\t\tSibilla\t\t\t<\/a>\n\t\t<\/h3>\n\t\t\t\t<div class=\"elementor-post__excerpt\">\n\t\t\t<p>Silenziosa e accogliente, Sibilla \u00e8 una camera spaziosa che si affaccia sulla piscina con un tranquillo panorama sugli uliveti e sui vigneti. Pu\u00f2 ospitare fino<\/p>\n\t\t<\/div>\n\t\t\t\t<\/div>\n\t\t\t\t\t<\/div>\n\t\t<\/article>\n\t\t\t\t<\/div>\n\n\n\t\t\n\t\t\t\t<\/div>\n\t\t\t\t<\/div>\n\t\t\t\t\t<\/div>\n\t\t<\/div>\n\t\t\t\t\t\t\t<\/div>\n\t\t<\/section>\n\t\t\t\t\t\t<\/div>\n\t\t\t\t\t<\/div>\n\t\t","protected":false},"excerpt":{"rendered":"<p>Le Camere La maggior parte delle camere ha travi a vista con mezzane in cotto, solamente Renato ha il soffitto a volte. Tutti i pavimenti sono stati realizzati con materiale naturale e lavorati a mano, quindi ognuno diverso dall\u2019altro, dando ai pavimenti una caratteristica unica. Ogni camera \u00e8 dotata di minibar con bevande 100% toscane, [&hellip;]<\/p>\n","protected":false},"author":1,"featured_media":156,"parent":0,"menu_order":4,"comment_status":"closed","ping_status":"closed","template":"","meta":{"footnotes":""},"tags":[],"class_list":["post-151","page","type-page","status-publish","has-post-thumbnail","hentry"],"_links":{"self":[{"href":"https:\/\/guardastelle.com\/it\/wp-json\/wp\/v2\/pages\/151","targetHints":{"allow":["GET"]}}],"collection":[{"href":"https:\/\/guardastelle.com\/it\/wp-json\/wp\/v2\/pages"}],"about":[{"href":"https:\/\/guardastelle.com\/it\/wp-json\/wp\/v2\/types\/page"}],"author":[{"embeddable":true,"href":"https:\/\/guardastelle.com\/it\/wp-json\/wp\/v2\/users\/1"}],"replies":[{"embeddable":true,"href":"https:\/\/guardastelle.com\/it\/wp-json\/wp\/v2\/comments?post=151"}],"version-history":[{"count":73,"href":"https:\/\/guardastelle.com\/it\/wp-json\/wp\/v2\/pages\/151\/revisions"}],"predecessor-version":[{"id":2794,"href":"https:\/\/guardastelle.com\/it\/wp-json\/wp\/v2\/pages\/151\/revisions\/2794"}],"wp:featuredmedia":[{"embeddable":true,"href":"https:\/\/guardastelle.com\/it\/wp-json\/wp\/v2\/media\/156"}],"wp:attachment":[{"href":"https:\/\/guardastelle.com\/it\/wp-json\/wp\/v2\/media?parent=151"}],"wp:term":[{"taxonomy":"post_tag","embeddable":true,"href":"https:\/\/guardastelle.com\/it\/wp-json\/wp\/v2\/tags?post=151"}],"curies":[{"name":"wp","href":"https:\/\/api.w.org\/{rel}","templated":true}]}}