{"id":125,"date":"2022-08-24T14:33:35","date_gmt":"2022-08-24T14:33:35","guid":{"rendered":"https:\/\/guardastelle.com\/?page_id=125"},"modified":"2024-05-21T08:24:17","modified_gmt":"2024-05-21T08:24:17","slug":"corsi-di-cucina","status":"publish","type":"page","link":"https:\/\/guardastelle.com\/it\/corsi-di-cucina\/","title":{"rendered":"Corsi di Cucina"},"content":{"rendered":"\t\t<div data-elementor-type=\"wp-page\" data-elementor-id=\"125\" class=\"elementor elementor-125\" data-elementor-settings=\"[]\">\n\t\t\t\t\t\t\t<div class=\"elementor-section-wrap\">\n\t\t\t\t\t\t\t<section class=\"elementor-section elementor-top-section elementor-element elementor-element-983c865 elementor-section-height-min-height elementor-section-boxed elementor-section-height-default elementor-section-items-middle\" data-id=\"983c865\" data-element_type=\"section\" data-settings=\"{&quot;background_background&quot;:&quot;classic&quot;}\">\n\t\t\t\t\t\t\t<div class=\"elementor-background-overlay\"><\/div>\n\t\t\t\t\t\t\t<div class=\"elementor-container elementor-column-gap-default\">\n\t\t\t\t\t<div class=\"elementor-column elementor-col-100 elementor-top-column elementor-element elementor-element-80c48c1\" data-id=\"80c48c1\" data-element_type=\"column\">\n\t\t\t<div class=\"elementor-widget-wrap elementor-element-populated\">\n\t\t\t\t\t\t\t\t<div class=\"elementor-element elementor-element-c6ecc7b elementor-widget elementor-widget-heading\" data-id=\"c6ecc7b\" data-element_type=\"widget\" data-widget_type=\"heading.default\">\n\t\t\t\t<div class=\"elementor-widget-container\">\n\t\t\t<style>\/*! elementor - v3.5.5 - 03-02-2022 *\/\n.elementor-heading-title{padding:0;margin:0;line-height:1}.elementor-widget-heading .elementor-heading-title[class*=elementor-size-]>a{color:inherit;font-size:inherit;line-height:inherit}.elementor-widget-heading .elementor-heading-title.elementor-size-small{font-size:15px}.elementor-widget-heading .elementor-heading-title.elementor-size-medium{font-size:19px}.elementor-widget-heading .elementor-heading-title.elementor-size-large{font-size:29px}.elementor-widget-heading .elementor-heading-title.elementor-size-xl{font-size:39px}.elementor-widget-heading .elementor-heading-title.elementor-size-xxl{font-size:59px}<\/style><h6 class=\"elementor-heading-title elementor-size-default\">Tenuta Guardastelle San Gimignano<\/h6>\t\t<\/div>\n\t\t\t\t<\/div>\n\t\t\t\t<div class=\"elementor-element elementor-element-646f4a4 elementor-widget elementor-widget-heading\" data-id=\"646f4a4\" data-element_type=\"widget\" data-widget_type=\"heading.default\">\n\t\t\t\t<div class=\"elementor-widget-container\">\n\t\t\t<h2 class=\"elementor-heading-title elementor-size-default\">Corsi di Cucina<\/h2>\t\t<\/div>\n\t\t\t\t<\/div>\n\t\t\t\t<div class=\"elementor-element elementor-element-effb7e9 elementor-widget elementor-widget-button\" data-id=\"effb7e9\" data-element_type=\"widget\" data-widget_type=\"button.default\">\n\t\t\t\t<div class=\"elementor-widget-container\">\n\t\t\t\t\t<div class=\"elementor-button-wrapper\">\n\t\t\t<a href=\"https:\/\/reservations.verticalbooking.com\/sp_prenota_trattamenti.htm?id_stile=15657&#038;id_albergo=20974&#038;dc=8006&#038;lingua_int=eng&#038;headvar=ok\" target=\"_blank\" class=\"elementor-button-link elementor-button elementor-size-sm\" role=\"button\" id=\"eng-btn\">\n\t\t\t\t\t\t<span class=\"elementor-button-content-wrapper\">\n\t\t\t\t\t\t<span class=\"elementor-button-text\">Prenota Ora<\/span>\n\t\t<\/span>\n\t\t\t\t\t<\/a>\n\t\t<\/div>\n\t\t\t\t<\/div>\n\t\t\t\t<\/div>\n\t\t\t\t\t<\/div>\n\t\t<\/div>\n\t\t\t\t\t\t\t<\/div>\n\t\t<\/section>\n\t\t\t\t<section class=\"elementor-section elementor-top-section elementor-element elementor-element-b39a5d7 elementor-section-boxed elementor-section-height-default elementor-section-height-default\" data-id=\"b39a5d7\" data-element_type=\"section\">\n\t\t\t\t\t\t<div class=\"elementor-container elementor-column-gap-default\">\n\t\t\t\t\t<div class=\"elementor-column elementor-col-100 elementor-top-column elementor-element elementor-element-f9adfda\" data-id=\"f9adfda\" data-element_type=\"column\">\n\t\t\t<div class=\"elementor-widget-wrap elementor-element-populated\">\n\t\t\t\t\t\t\t\t<div class=\"elementor-element elementor-element-8ca37ab elementor-widget elementor-widget-heading\" data-id=\"8ca37ab\" data-element_type=\"widget\" data-widget_type=\"heading.default\">\n\t\t\t\t<div class=\"elementor-widget-container\">\n\t\t\t<h2 class=\"elementor-heading-title elementor-size-default\">L'Esperienza dei nostri corsi di cucina<\/h2>\t\t<\/div>\n\t\t\t\t<\/div>\n\t\t\t\t<div class=\"elementor-element elementor-element-dbf9d66 elementor-widget elementor-widget-text-editor\" data-id=\"dbf9d66\" data-element_type=\"widget\" data-widget_type=\"text-editor.default\">\n\t\t\t\t<div class=\"elementor-widget-container\">\n\t\t\t<style>\/*! elementor - v3.5.5 - 03-02-2022 *\/\n.elementor-widget-text-editor.elementor-drop-cap-view-stacked .elementor-drop-cap{background-color:#818a91;color:#fff}.elementor-widget-text-editor.elementor-drop-cap-view-framed .elementor-drop-cap{color:#818a91;border:3px solid;background-color:transparent}.elementor-widget-text-editor:not(.elementor-drop-cap-view-default) .elementor-drop-cap{margin-top:8px}.elementor-widget-text-editor:not(.elementor-drop-cap-view-default) .elementor-drop-cap-letter{width:1em;height:1em}.elementor-widget-text-editor .elementor-drop-cap{float:left;text-align:center;line-height:1;font-size:50px}.elementor-widget-text-editor .elementor-drop-cap-letter{display:inline-block}<\/style>\t\t\t\t<h5 style=\"font-family: var(--e-global-typography-primary-font-family),Sans-serif !important\"><span style=\"font-weight: bolder\">NOVITA&#8217; !!\u00a0<\/span>\u00a0SIAMO LIETI DI ANNINCIARE LA RIAPERTURA DEI NOSTRI CORSI DI CUCINA GRAZIE ALLA COLLABORAZIONE CON UNO CHEF LOCALE.\u00a0<\/h5><p>\u00a0<\/p><p class=\"MsoNormal\"><span style=\"font-family: Roboto\">Porta a casa il <b>gusto genuino della Toscana<\/b>. Unitevi a noi nella preparazione di <b>tradizionali<\/b> ricette di famiglia, condividi <b>la passione per la cucina<\/b> e il valore della convivialit\u00e0 di un buon pasto.<\/span><\/p><p>\u00a0<\/p><p class=\"MsoNormal\"><span style=\"font-family: Roboto\">Unitevi allo chef Beppe e alla sua squadra in una cucina tradizionale in stile italiano. Qui imparerete come preparare la <b>pasta fresca fatta a mano<\/b>, accompagnata da u sugo italiano autentico, insieme ad un <b>classico secondo e un dessert<\/b>. Tutti i prodotti utilizzati partono da <b>ingredienti a chilometro zero<\/b>, per assaporare il vero gusto della Toscana. Naturalmente, una volta finito di cucinare, avrete la possibilit\u00e0 di gustare la vostra magnifica creazione! E, poich\u00e9 siamo fortunati ad essere situati in un vigneto, il vostro pasto sar\u00e0 accompagnato da <b>due bicchieri dei nostri vini prodotti in azienda<\/b>. \u00c8 un abbinamento perfetto, da non perdere!<\/span><\/p><p><a href=\"https:\/\/ml0u9efomz0m.i.optimole.com\/w:auto\/h:auto\/q:mauto\/f:avif\/https:\/guardastelle.com\/wp-content\/uploads\/2022\/11\/cooking-classes-03-scaled.jpg\">\u00a0<\/a><\/p>\t\t\t\t\t\t<\/div>\n\t\t\t\t<\/div>\n\t\t\t\t\t<\/div>\n\t\t<\/div>\n\t\t\t\t\t\t\t<\/div>\n\t\t<\/section>\n\t\t\t\t<section class=\"elementor-section elementor-top-section elementor-element elementor-element-c0de025 elementor-section-boxed elementor-section-height-default elementor-section-height-default\" data-id=\"c0de025\" data-element_type=\"section\">\n\t\t\t\t\t\t<div class=\"elementor-container elementor-column-gap-default\">\n\t\t\t\t\t<div class=\"elementor-column elementor-col-100 elementor-top-column elementor-element elementor-element-ff68faa\" data-id=\"ff68faa\" data-element_type=\"column\">\n\t\t\t<div class=\"elementor-widget-wrap elementor-element-populated\">\n\t\t\t\t\t\t\t\t<div class=\"elementor-element elementor-element-8a22f56 elementor-widget elementor-widget-heading\" data-id=\"8a22f56\" data-element_type=\"widget\" data-widget_type=\"heading.default\">\n\t\t\t\t<div class=\"elementor-widget-container\">\n\t\t\t<h2 class=\"elementor-heading-title elementor-size-default\">Corso di Cucina<\/h2>\t\t<\/div>\n\t\t\t\t<\/div>\n\t\t\t\t<div class=\"elementor-element elementor-element-576aa04 elementor-widget elementor-widget-text-editor\" data-id=\"576aa04\" data-element_type=\"widget\" data-widget_type=\"text-editor.default\">\n\t\t\t\t<div class=\"elementor-widget-container\">\n\t\t\t\t\t\t\t<p style=\"text-align: center\" align=\"center\"><span style=\"font-family: Roboto\"><br \/><b>\u00c8 un laboratorio indimenticabile di mezza giornata che celebra il vero cibo italiano!<\/b><\/span><\/p><p><span style=\"font-family: Roboto\">Preparatevi per una fiesta a tema cibo nei nostri corsi di cucina! Immergetevi nel mondo delle gustose creazioni e prendetevi il vostro tempo &#8211; preparate qualcosa di delizioso durante il giorno o ravvivate le vostre serate con le nostre cene. Non si tratta solo di imparare: \u00e8 la possibilit\u00e0 di divertirsi, incontrare persone interessanti e godersi il delizioso viaggio dello stupore culinario! Venite ed unitevi al divertimento!<\/span><\/p><p><span style=\"font-family: 'Segoe UI Emoji',sans-serif\">\ud83c\udf1e<\/span><span style=\"font-family: Roboto\"> <b>Delizie a pranzo: luned\u00ec, mercoled\u00ec e gioved\u00ec alle 10.<\/b><\/span><\/p><p><span style=\"font-family: 'Segoe UI Emoji',sans-serif\">\ud83c\udf19<\/span><span style=\"font-family: Roboto\"> <b>Prelibatezze per cena: marted\u00ec e venerd\u00ec alle 17.<\/b><\/span><\/p><p><span style=\"font-family: Roboto\">\u00a0<\/span><\/p><p><span style=\"font-family: Roboto\">Per assicurarti un&#8217;esperienza migliore, ti preghiamo di avvisarci di eventuali intolleranze, allergie o restrizioni (vegetariane, senza glutine, ecc.) che potresti avere.<\/span><\/p>\t\t\t\t\t\t<\/div>\n\t\t\t\t<\/div>\n\t\t\t\t\t<\/div>\n\t\t<\/div>\n\t\t\t\t\t\t\t<\/div>\n\t\t<\/section>\n\t\t\t\t<section class=\"elementor-section elementor-top-section elementor-element elementor-element-670b810 elementor-section-boxed elementor-section-height-default elementor-section-height-default\" data-id=\"670b810\" data-element_type=\"section\">\n\t\t\t\t\t\t<div class=\"elementor-container elementor-column-gap-default\">\n\t\t\t\t\t<div class=\"elementor-column elementor-col-100 elementor-top-column elementor-element elementor-element-5f2625b\" data-id=\"5f2625b\" data-element_type=\"column\">\n\t\t\t<div class=\"elementor-widget-wrap elementor-element-populated\">\n\t\t\t\t\t\t\t\t<div class=\"elementor-element elementor-element-042f652 gallery-int elementor-arrows-position-inside elementor-widget elementor-widget-image-carousel\" data-id=\"042f652\" data-element_type=\"widget\" data-settings=\"{&quot;slides_to_show&quot;:&quot;3&quot;,&quot;image_spacing_custom&quot;:{&quot;unit&quot;:&quot;px&quot;,&quot;size&quot;:&quot;10&quot;,&quot;sizes&quot;:[]},&quot;navigation&quot;:&quot;arrows&quot;,&quot;autoplay&quot;:&quot;yes&quot;,&quot;pause_on_hover&quot;:&quot;yes&quot;,&quot;pause_on_interaction&quot;:&quot;yes&quot;,&quot;autoplay_speed&quot;:5000,&quot;infinite&quot;:&quot;yes&quot;,&quot;speed&quot;:500}\" data-widget_type=\"image-carousel.default\">\n\t\t\t\t<div class=\"elementor-widget-container\">\n\t\t\t<style>\/*! elementor - v3.5.5 - 03-02-2022 *\/\n.elementor-widget-image-carousel .swiper-container{position:static}.elementor-widget-image-carousel .swiper-container .swiper-slide figure{line-height:inherit}.elementor-widget-image-carousel .swiper-slide{text-align:center}.elementor-image-carousel-wrapper:not(.swiper-container-initialized) .swiper-slide{max-width:calc(100% \/ var(--e-image-carousel-slides-to-show, 3))}<\/style>\t\t<div class=\"elementor-image-carousel-wrapper swiper-container\" dir=\"ltr\">\n\t\t\t<div class=\"elementor-image-carousel swiper-wrapper\">\n\t\t\t\t\t\t\t\t<div class=\"swiper-slide\"><a data-elementor-open-lightbox=\"yes\" data-elementor-lightbox-slideshow=\"042f652\" data-elementor-lightbox-title=\"cooking-classes-04\" href=\"https:\/\/guardastelle.com\/wp-content\/uploads\/2022\/11\/cooking-classes-04-scaled.jpg\"><figure class=\"swiper-slide-inner\"><img decoding=\"async\" class=\"swiper-slide-image\" src=\"https:\/\/guardastelle.com\/wp-content\/uploads\/2022\/11\/cooking-classes-04-768x511.jpg\" alt=\"cooking-classes-04\" \/><\/figure><\/a><\/div><div class=\"swiper-slide\"><a data-elementor-open-lightbox=\"yes\" data-elementor-lightbox-slideshow=\"042f652\" data-elementor-lightbox-title=\"cooking-classes-05\" href=\"https:\/\/guardastelle.com\/wp-content\/uploads\/2022\/11\/cooking-classes-05-scaled.jpg\"><figure class=\"swiper-slide-inner\"><img decoding=\"async\" class=\"swiper-slide-image\" src=\"https:\/\/guardastelle.com\/wp-content\/uploads\/2022\/11\/cooking-classes-05-scaled.jpg\" alt=\"cooking-classes-05\" \/><\/figure><\/a><\/div><div class=\"swiper-slide\"><a data-elementor-open-lightbox=\"yes\" data-elementor-lightbox-slideshow=\"042f652\" data-elementor-lightbox-title=\"cooking-classes-06\" href=\"https:\/\/guardastelle.com\/wp-content\/uploads\/2022\/11\/cooking-classes-06-scaled.jpg\"><figure class=\"swiper-slide-inner\"><img decoding=\"async\" class=\"swiper-slide-image\" src=\"https:\/\/guardastelle.com\/wp-content\/uploads\/2022\/11\/cooking-classes-06-scaled.jpg\" alt=\"cooking-classes-06\" \/><\/figure><\/a><\/div><div class=\"swiper-slide\"><a data-elementor-open-lightbox=\"yes\" data-elementor-lightbox-slideshow=\"042f652\" data-elementor-lightbox-title=\"cooking-classes-07\" href=\"https:\/\/guardastelle.com\/wp-content\/uploads\/2022\/11\/cooking-classes-07-scaled.jpg\"><figure class=\"swiper-slide-inner\"><img decoding=\"async\" class=\"swiper-slide-image\" src=\"https:\/\/guardastelle.com\/wp-content\/uploads\/2022\/11\/cooking-classes-07-scaled.jpg\" alt=\"cooking-classes-07\" \/><\/figure><\/a><\/div><div class=\"swiper-slide\"><a data-elementor-open-lightbox=\"yes\" data-elementor-lightbox-slideshow=\"042f652\" data-elementor-lightbox-title=\"cooking-classes-08\" href=\"https:\/\/guardastelle.com\/wp-content\/uploads\/2022\/11\/cooking-classes-08-scaled.jpg\"><figure class=\"swiper-slide-inner\"><img decoding=\"async\" class=\"swiper-slide-image\" src=\"https:\/\/guardastelle.com\/wp-content\/uploads\/2022\/11\/cooking-classes-08-scaled.jpg\" alt=\"cooking-classes-08\" \/><\/figure><\/a><\/div><div class=\"swiper-slide\"><a data-elementor-open-lightbox=\"yes\" data-elementor-lightbox-slideshow=\"042f652\" data-elementor-lightbox-title=\"cooking-classes-09\" href=\"https:\/\/guardastelle.com\/wp-content\/uploads\/2022\/11\/cooking-classes-09-scaled.jpg\"><figure class=\"swiper-slide-inner\"><img decoding=\"async\" class=\"swiper-slide-image\" src=\"https:\/\/guardastelle.com\/wp-content\/uploads\/2022\/11\/cooking-classes-09-scaled.jpg\" alt=\"cooking-classes-09\" \/><\/figure><\/a><\/div><div class=\"swiper-slide\"><a data-elementor-open-lightbox=\"yes\" data-elementor-lightbox-slideshow=\"042f652\" data-elementor-lightbox-title=\"cooking-classes-10\" href=\"https:\/\/guardastelle.com\/wp-content\/uploads\/2022\/11\/cooking-classes-10-scaled.jpg\"><figure class=\"swiper-slide-inner\"><img decoding=\"async\" class=\"swiper-slide-image\" src=\"https:\/\/guardastelle.com\/wp-content\/uploads\/2022\/11\/cooking-classes-10-scaled.jpg\" alt=\"cooking-classes-10\" \/><\/figure><\/a><\/div><div class=\"swiper-slide\"><a data-elementor-open-lightbox=\"yes\" data-elementor-lightbox-slideshow=\"042f652\" data-elementor-lightbox-title=\"cooking-classes-01\" href=\"https:\/\/guardastelle.com\/wp-content\/uploads\/2022\/11\/cooking-classes-01-scaled.jpg\"><figure class=\"swiper-slide-inner\"><img decoding=\"async\" class=\"swiper-slide-image\" src=\"https:\/\/guardastelle.com\/wp-content\/uploads\/2022\/11\/cooking-classes-01-scaled.jpg\" alt=\"cooking-classes-01\" \/><\/figure><\/a><\/div><div class=\"swiper-slide\"><a data-elementor-open-lightbox=\"yes\" data-elementor-lightbox-slideshow=\"042f652\" data-elementor-lightbox-title=\"cooking-classes-02\" href=\"https:\/\/guardastelle.com\/wp-content\/uploads\/2022\/11\/cooking-classes-02-scaled.jpg\"><figure class=\"swiper-slide-inner\"><img decoding=\"async\" class=\"swiper-slide-image\" src=\"https:\/\/guardastelle.com\/wp-content\/uploads\/2022\/11\/cooking-classes-02-scaled.jpg\" alt=\"cooking-classes-02\" \/><\/figure><\/a><\/div><div class=\"swiper-slide\"><a data-elementor-open-lightbox=\"yes\" data-elementor-lightbox-slideshow=\"042f652\" data-elementor-lightbox-title=\"cooking-classes-03\" href=\"https:\/\/guardastelle.com\/wp-content\/uploads\/2022\/11\/cooking-classes-03-scaled.jpg\"><figure class=\"swiper-slide-inner\"><img decoding=\"async\" class=\"swiper-slide-image\" src=\"https:\/\/guardastelle.com\/wp-content\/uploads\/2022\/11\/cooking-classes-03-scaled.jpg\" alt=\"cooking-classes-03\" \/><\/figure><\/a><\/div>\t\t\t<\/div>\n\t\t\t\t\t\t\t\t\t\t\t\t\t\t\t\t<div class=\"elementor-swiper-button elementor-swiper-button-prev\">\n\t\t\t\t\t\t<i aria-hidden=\"true\" class=\"eicon-chevron-left\"><\/i>\t\t\t\t\t\t<span class=\"elementor-screen-only\">Precedente<\/span>\n\t\t\t\t\t<\/div>\n\t\t\t\t\t<div class=\"elementor-swiper-button elementor-swiper-button-next\">\n\t\t\t\t\t\t<i aria-hidden=\"true\" class=\"eicon-chevron-right\"><\/i>\t\t\t\t\t\t<span class=\"elementor-screen-only\">Successivo<\/span>\n\t\t\t\t\t<\/div>\n\t\t\t\t\t\t\t\t\t<\/div>\n\t\t\t\t<\/div>\n\t\t\t\t<\/div>\n\t\t\t\t\t<\/div>\n\t\t<\/div>\n\t\t\t\t\t\t\t<\/div>\n\t\t<\/section>\n\t\t\t\t\t\t<\/div>\n\t\t\t\t\t<\/div>\n\t\t","protected":false},"excerpt":{"rendered":"<p>Portate a casa il sapore genuino della Toscana. Unitevi a noi nella preparazione delle tradizionali ricette di famiglia, condividete la passione per la cucina e il valore della convivialit\u00e0 di un buon pasto.<\/p>\n","protected":false},"author":1,"featured_media":1123,"parent":0,"menu_order":18,"comment_status":"closed","ping_status":"closed","template":"","meta":{"footnotes":""},"tags":[22],"class_list":["post-125","page","type-page","status-publish","has-post-thumbnail","hentry","tag-esperienze"],"_links":{"self":[{"href":"https:\/\/guardastelle.com\/it\/wp-json\/wp\/v2\/pages\/125","targetHints":{"allow":["GET"]}}],"collection":[{"href":"https:\/\/guardastelle.com\/it\/wp-json\/wp\/v2\/pages"}],"about":[{"href":"https:\/\/guardastelle.com\/it\/wp-json\/wp\/v2\/types\/page"}],"author":[{"embeddable":true,"href":"https:\/\/guardastelle.com\/it\/wp-json\/wp\/v2\/users\/1"}],"replies":[{"embeddable":true,"href":"https:\/\/guardastelle.com\/it\/wp-json\/wp\/v2\/comments?post=125"}],"version-history":[{"count":61,"href":"https:\/\/guardastelle.com\/it\/wp-json\/wp\/v2\/pages\/125\/revisions"}],"predecessor-version":[{"id":3718,"href":"https:\/\/guardastelle.com\/it\/wp-json\/wp\/v2\/pages\/125\/revisions\/3718"}],"wp:featuredmedia":[{"embeddable":true,"href":"https:\/\/guardastelle.com\/it\/wp-json\/wp\/v2\/media\/1123"}],"wp:attachment":[{"href":"https:\/\/guardastelle.com\/it\/wp-json\/wp\/v2\/media?parent=125"}],"wp:term":[{"taxonomy":"post_tag","embeddable":true,"href":"https:\/\/guardastelle.com\/it\/wp-json\/wp\/v2\/tags?post=125"}],"curies":[{"name":"wp","href":"https:\/\/api.w.org\/{rel}","templated":true}]}}