{"id":113,"date":"2022-08-24T14:27:29","date_gmt":"2022-08-24T14:27:29","guid":{"rendered":"https:\/\/guardastelle.com\/?page_id=113"},"modified":"2022-12-21T16:29:35","modified_gmt":"2022-12-21T16:29:35","slug":"cantina-vini","status":"publish","type":"page","link":"https:\/\/guardastelle.com\/it\/cantina-vini\/","title":{"rendered":"Cantina"},"content":{"rendered":"\t\t<div data-elementor-type=\"wp-page\" data-elementor-id=\"113\" class=\"elementor elementor-113\" data-elementor-settings=\"[]\">\n\t\t\t\t\t\t\t<div class=\"elementor-section-wrap\">\n\t\t\t\t\t\t\t<section class=\"elementor-section elementor-top-section elementor-element elementor-element-f91dcc1 elementor-section-full_width elementor-section-height-default elementor-section-height-default\" data-id=\"f91dcc1\" data-element_type=\"section\">\n\t\t\t\t\t\t<div class=\"elementor-container elementor-column-gap-no\">\n\t\t\t\t\t<div class=\"elementor-column elementor-col-100 elementor-top-column elementor-element elementor-element-0fde11c\" data-id=\"0fde11c\" data-element_type=\"column\">\n\t\t\t<div class=\"elementor-widget-wrap elementor-element-populated\">\n\t\t\t\t\t\t\t\t<div class=\"elementor-element elementor-element-03ddade elementor-widget elementor-widget-template\" data-id=\"03ddade\" data-element_type=\"widget\" data-widget_type=\"template.default\">\n\t\t\t\t<div class=\"elementor-widget-container\">\n\t\t\t\t\t<div class=\"elementor-template\">\n\t\t\t\t\t<div data-elementor-type=\"section\" data-elementor-id=\"2760\" class=\"elementor elementor-2760 elementor-2148\" data-elementor-settings=\"[]\">\n\t\t\t\t\t\t\t\t<section class=\"elementor-section elementor-top-section elementor-element elementor-element-2accdd9a elementor-section-height-min-height elementor-section-boxed elementor-section-height-default elementor-section-items-middle\" data-id=\"2accdd9a\" data-element_type=\"section\" data-settings=\"{&quot;background_background&quot;:&quot;classic&quot;}\">\n\t\t\t\t\t\t\t<div class=\"elementor-background-overlay\"><\/div>\n\t\t\t\t\t\t\t<div class=\"elementor-container elementor-column-gap-default\">\n\t\t\t\t\t<div class=\"elementor-column elementor-col-100 elementor-top-column elementor-element elementor-element-72373de8\" data-id=\"72373de8\" data-element_type=\"column\">\n\t\t\t<div class=\"elementor-widget-wrap elementor-element-populated\">\n\t\t\t\t\t\t\t\t<div class=\"elementor-element elementor-element-2c1a5e4d elementor-widget elementor-widget-heading\" data-id=\"2c1a5e4d\" data-element_type=\"widget\" data-widget_type=\"heading.default\">\n\t\t\t\t<div class=\"elementor-widget-container\">\n\t\t\t<style>\/*! elementor - v3.5.5 - 03-02-2022 *\/\n.elementor-heading-title{padding:0;margin:0;line-height:1}.elementor-widget-heading .elementor-heading-title[class*=elementor-size-]>a{color:inherit;font-size:inherit;line-height:inherit}.elementor-widget-heading .elementor-heading-title.elementor-size-small{font-size:15px}.elementor-widget-heading .elementor-heading-title.elementor-size-medium{font-size:19px}.elementor-widget-heading .elementor-heading-title.elementor-size-large{font-size:29px}.elementor-widget-heading .elementor-heading-title.elementor-size-xl{font-size:39px}.elementor-widget-heading .elementor-heading-title.elementor-size-xxl{font-size:59px}<\/style><h6 class=\"elementor-heading-title elementor-size-default\">Tenuta Guardastelle San Gimignano<\/h6>\t\t<\/div>\n\t\t\t\t<\/div>\n\t\t\t\t<div class=\"elementor-element elementor-element-25e1bd22 elementor-widget elementor-widget-heading\" data-id=\"25e1bd22\" data-element_type=\"widget\" data-widget_type=\"heading.default\">\n\t\t\t\t<div class=\"elementor-widget-container\">\n\t\t\t<h2 class=\"elementor-heading-title elementor-size-default\">Cantina<\/h2>\t\t<\/div>\n\t\t\t\t<\/div>\n\t\t\t\t<div class=\"elementor-element elementor-element-41c43ec elementor-widget elementor-widget-button\" data-id=\"41c43ec\" data-element_type=\"widget\" data-widget_type=\"button.default\">\n\t\t\t\t<div class=\"elementor-widget-container\">\n\t\t\t\t\t<div class=\"elementor-button-wrapper\">\n\t\t\t<a href=\"https:\/\/reservations.verticalbooking.com\/premium\/index.html?id_stile=15421&#038;headvar=ok&#038;lingua_int=ita&#038;id_albergo=20617&#038;dc=3999\" target=\"_blank\" class=\"elementor-button-link elementor-button elementor-size-sm\" role=\"button\">\n\t\t\t\t\t\t<span class=\"elementor-button-content-wrapper\">\n\t\t\t\t\t\t<span class=\"elementor-button-text\">Prenota Ora<\/span>\n\t\t<\/span>\n\t\t\t\t\t<\/a>\n\t\t<\/div>\n\t\t\t\t<\/div>\n\t\t\t\t<\/div>\n\t\t\t\t\t<\/div>\n\t\t<\/div>\n\t\t\t\t\t\t\t<\/div>\n\t\t<\/section>\n\t\t\t\t\t\t<\/div>\n\t\t\t\t<\/div>\n\t\t\t\t<\/div>\n\t\t\t\t<\/div>\n\t\t\t\t\t<\/div>\n\t\t<\/div>\n\t\t\t\t\t\t\t<\/div>\n\t\t<\/section>\n\t\t\t\t<section class=\"elementor-section elementor-top-section elementor-element elementor-element-b39a5d7 elementor-section-boxed elementor-section-height-default elementor-section-height-default\" data-id=\"b39a5d7\" data-element_type=\"section\">\n\t\t\t\t\t\t<div class=\"elementor-container elementor-column-gap-default\">\n\t\t\t\t\t<div class=\"elementor-column elementor-col-100 elementor-top-column elementor-element elementor-element-f9adfda\" data-id=\"f9adfda\" data-element_type=\"column\">\n\t\t\t<div class=\"elementor-widget-wrap elementor-element-populated\">\n\t\t\t\t\t\t\t\t<div class=\"elementor-element elementor-element-dbf9d66 elementor-widget elementor-widget-text-editor\" data-id=\"dbf9d66\" data-element_type=\"widget\" data-widget_type=\"text-editor.default\">\n\t\t\t\t<div class=\"elementor-widget-container\">\n\t\t\t<style>\/*! elementor - v3.5.5 - 03-02-2022 *\/\n.elementor-widget-text-editor.elementor-drop-cap-view-stacked .elementor-drop-cap{background-color:#818a91;color:#fff}.elementor-widget-text-editor.elementor-drop-cap-view-framed .elementor-drop-cap{color:#818a91;border:3px solid;background-color:transparent}.elementor-widget-text-editor:not(.elementor-drop-cap-view-default) .elementor-drop-cap{margin-top:8px}.elementor-widget-text-editor:not(.elementor-drop-cap-view-default) .elementor-drop-cap-letter{width:1em;height:1em}.elementor-widget-text-editor .elementor-drop-cap{float:left;text-align:center;line-height:1;font-size:50px}.elementor-widget-text-editor .elementor-drop-cap-letter{display:inline-block}<\/style>\t\t\t\t<h2><span style=\"font-weight: 400;\">La Nostra Cantina ed i suoi Vini<\/span><\/h2><p><span style=\"font-weight: 400;\">Fin dall&#8217;epoca etrusca la pianta della vite era conosciuta e coltivata e a questo popolo sono attribuite anche una serie di tecniche colturali quali la selezione di variet\u00e0 ibride, la disposizione degli impianti e gli innesti. Il loro vino era apprezzato fino in Grecia, in particolar modo quello prodotto nelle attuali zone del <\/span><b>Brunello di Montalcino\u00a0<\/b><span style=\"font-weight: 400;\">e del <\/span><b>Chianti<\/b><span style=\"font-weight: 400;\">.<\/span><\/p><p><span style=\"font-weight: 400;\">Parlando di <\/span><b>vino<\/b><span style=\"font-weight: 400;\"> potrebbe aprirsi un argomento talmente ampio da perdersi, rimaniamo quindi nello specifico di quelle che oggi sono le due denominazioni vinicole pi\u00f9 importanti di San Gimignano: Il Chianti, in particolare la sotto zona del <\/span><b>Chianti Colli Senesi<\/b><span style=\"font-weight: 400;\">, e la <\/span><b>Vernaccia di San Gimignano<\/b><span style=\"font-weight: 400;\">; entrambi prodotti in piccole quantit\u00e0 ma con grande orgoglio alla <\/span><b>Tenuta<\/b> <b>Guardastelle, piccola cantina a conduzione familiare in Toscana<\/b><span style=\"font-weight: 400;\">.<\/span><\/p><h2><span style=\"font-weight: 400;\">Nel suo complesso la tenuta \u00e8 composta da vigneti per un\u2019estensione di circa cinque ettari e circa 400 piante di olivo per ulteriori 3 ettari\u00a0<\/span><\/h2><p><span style=\"font-weight: 400;\">La propriet\u00e0 \u00e8 ad un\u2019altezza media di 290 metri s.l.m.\u00a0 e le vigne sono tutte disposte sul lato sud-est della propriet\u00e0, questo d\u00e0 una delle migliori esposizioni ai vigneti che riescono cos\u00ec a godere a pieno della luce solare, la quale favorisce la fotosintesi clorofiliana e permette la giusta maturazione dell\u2019uva e la produzione zuccherina. I terreni sono freschi e composti per la maggior parte da terra di tufo, caratteristica tipica di questa area.\u00a0<\/span><\/p><p><span style=\"font-weight: 400;\">I drastici cambiamenti climatici che stiamo affrontando in questi ultimi anni rendono pi\u00f9 complicata la lavorazione dei terreni ma la loro composizione fa s\u00ec che anche in periodi di grande siccit\u00e0, come successo nel 2003 e pi\u00f9 recentemente nel 2017, 2018 e 2022, la nostre vigne non vadano in sofferenza idrica e garantiscano comunque una maturazione delle uve ottimale.<\/span><\/p><p><span style=\"font-weight: 400;\">L&#8217;<\/span><b>attenta selezione<\/b><span style=\"font-weight: 400;\"> dei grappoli e la <\/span><b>raccolta manuale<\/b><span style=\"font-weight: 400;\"> aiutano la produzione di un naturale grado zuccherino piuttosto elevato negli acini, in modo da garantire facilmente gli standard richiesti per la certificazione pi\u00f9 importante dei vini italiani: la D.O.C.G.<\/span><\/p><h2>Ed \u00e8 proprio di questa importante certificazione che si rivestono i vini prodotti dalla Tenuta Guardastelle<\/h2><p><span style=\"font-weight: 400;\">Denominazione di Origine Controllata e Garantita, questo il significato dell\u2019acronimo che annovera ben 78 vini in tutta Italia, dei quali 11 in Toscana, tra cui menzioniamo il famosissimo <\/span><b>Brunello di Montalcino<\/b><span style=\"font-weight: 400;\"> e il <\/span><b>Chianti. <\/b><span style=\"font-weight: 400;\">Unico vino bianco tra le 11 D.O.C.G. toscane \u00e8 la <\/span><b>Vernaccia di San Gimignano<\/b><span style=\"font-weight: 400;\">. Primo vino italiano ad aver ottenuto la D.O.C. nel 1966 e successivamente \u201cpromosso\u201d a D.O.C.G.<\/span><\/p><p><span style=\"font-weight: 400;\">Altra produzione della tenuta sono i vini Chianti, nello specifico della sottozona dei colli senesi. <\/span><span style=\"font-weight: 400;\">Il \u201c<\/span><b>Chianti Colli Senesi<\/b><span style=\"font-weight: 400;\">\u201d<\/span> <span style=\"font-weight: 400;\">\u00e8 quindi un territorio specifico all\u2019interno della zona di produzione del vino Chianti, situato interamente nella provincia di Siena. Il vitigno simbolo della Toscana \u00e8 certamente il Sangiovese che fa da base per il Chianti nel quale ne troviamo un minimo del 75% come richiesto da disciplinare di produzione. Le uve rosse coltivate alla tenuta sono: il Sangiovese, il Syrah e il Colorino (queste ultime in percentuali minori). Dal taglio di questi tre uvaggi otteniamo i nostri <\/span><a href=\"\/prodotto\/tribolotto\/\"><b>Tribolotto<\/b><\/a><span style=\"font-weight: 400;\">\u00a0<\/span><span style=\"font-weight: 400;\">e <\/span><a href=\"\/prodotto\/irpide\/\"><b>Irpide<\/b><\/a>.<\/p><h3><span style=\"font-weight: 400;\">Per la prima volta nel 2021 abbiamo imbottigliato due nuovi vini IGT:<\/span><\/h3><ul><li style=\"font-weight: 400;\" aria-level=\"1\"><span style=\"font-weight: 400;\">\u201c<\/span><a href=\"\/prodotto\/maria-assunta\/\"><b>Maria Assunta<\/b><\/a><span style=\"font-weight: 400;\">\u201d un bianco toscano che abbiamo dedicato alla mamma della produttrice e proprietaria della tenuta<\/span><\/li><li><span style=\"font-weight: 400;\">\u201c<\/span><a href=\"\/prodotto\/passaluna\/\"><b>Passaluna<\/b><\/a><span style=\"font-weight: 400;\">\u201d un rosso toscano, anche chiamato Supertuscan, dedicato alla luna che, con i suoi cicli mensili, influisce sulle produzioni in maniera tanto importante quanto il sol<\/span><\/li><\/ul>\t\t\t\t\t\t<\/div>\n\t\t\t\t<\/div>\n\t\t\t\t\t<\/div>\n\t\t<\/div>\n\t\t\t\t\t\t\t<\/div>\n\t\t<\/section>\n\t\t\t\t<section class=\"elementor-section elementor-top-section elementor-element elementor-element-7e09a56 elementor-section-boxed elementor-section-height-default elementor-section-height-default\" data-id=\"7e09a56\" data-element_type=\"section\">\n\t\t\t\t\t\t<div class=\"elementor-container elementor-column-gap-default\">\n\t\t\t\t\t<div class=\"elementor-column elementor-col-100 elementor-top-column elementor-element elementor-element-1b06283\" data-id=\"1b06283\" data-element_type=\"column\">\n\t\t\t<div class=\"elementor-widget-wrap elementor-element-populated\">\n\t\t\t\t\t\t\t\t<div class=\"elementor-element elementor-element-1386f69 ekit-navigation-type-none elementor-widget elementor-widget-elementskit-woo-product-carousel\" data-id=\"1386f69\" data-element_type=\"widget\" data-widget_type=\"elementskit-woo-product-carousel.default\">\n\t\t\t\t<div class=\"elementor-widget-container\">\n\t\t\t<div class=\"ekit-wid-con\" >\t\t<div id=\"ekit-wc-carousel-1386f69\" class=\"ekit-wc-products ekit-wc-carousel ekit-wc-carousel-desc-position-outside\">\n\t\t\t<div class=\"ekit-wc-products-wrapper woocommerce ekit-swiper-container\"\t\t\t\tdata-autoplay=\"{ &quot;delay&quot;: 5000 }\"\n\t\t\t\tdata-loop=\"true\"\n\t\t\t\tdata-speed=\"500\"\n\t\t\t\tdata-space-between=\"35\"\n\t\t\t\tdata-responsive-settings='{\"ekit_columns_desktop\": \"4\", \"ekit_columns_tablet\": \"3\", \"ekit_columns_mobile\": \"1\"}'\n\t\t\t>\n\n\t\t\t\t<ul class=\"products swiper-wrapper\">\n\t\t\t\t  \t\t<li class=\"ekit-wc-product ekit-wc-carousel-item swiper-slide ekit-transition-toggle ekit-wc-product-alignment-horizontal ekit-desc-horizontal-align-left ekit-desc-vertical-align-top ekit-wc-flip- ekit-wc-vertical-align-center\">\n\t\t  \t\t\t<div class=\"ekit-wc-product-inner ekit-wc-carousel-item-inner\">\n\n\t\t\t\t\t   \t\t<div class=\"ekit-wc-product-image ekit-wc-carousel-image ekit-background-cover\">\n\t\t\t<!-- description -->\n\t\t\t\n\n\t\t\t<!-- popup content -->\n\t\t\t\n\t\t\t\t\t\t\t<div class=\"ekit-wc-products-badge ekit-wc-carousel-badge ekit-position-top-left ekit-position-small  badge-left  badge-vertical-top\">\n\t\t\t\t\t\t\t\t\t<\/div>\n\t\t\t\n\t\t\t\n\t\t\t<a href=\"https:\/\/guardastelle.com\/it\/prodotto\/passaluna\/\">\n\t\t\t\t<img decoding=\"async\" src=\"https:\/\/guardastelle.com\/wp-content\/uploads\/2022\/08\/GSTELLE_PASSALUNA-scaled.jpg\" alt=\"Product Thumb\">\n\t\t\t<\/a>\n\t\t<\/div>\n\t\t\n\t\t<div class=\"ekit-wc-product-desc ekit-wc-carousel-desc ekit-padding ekit-position-relative\">\n\t\t\t<div class=\"ekit-wc-product-desc-inner ekit-wc-carousel-desc-inner\">\n\t\t\t\t<!-- categories -->\n\t\t\t\t\t\t\t\t<!-- end categories -->\n\n\t\t\t\t\t\t\t\t\t<a href=\"https:\/\/guardastelle.com\/it\/prodotto\/passaluna\/\">\n\t\t\t\t\t\t<div class=\"ekit-wc-product-title ekit-wc-carousel-title\">\n\t\t\t\t\t\t\tPassaluna\t\t\t\t\t\t<\/div>\n\t\t\t\t\t<\/a>\n\t\t\t\t\n\t\t\t\t\t\t\t\t\t<div class=\"ekit-wc-carousel-price-wrapper ekit-flex-middle ekit-grid\">\n\t\t\t\t\t\n\t\t\t\t\t\t\t\t\t\t\t\t\t<div class=\"ekit-wc-carousel-price ekit-width-auto\">\n\t\t\t\t\t\t\t\t<div class=\"ekit-wc-product-price wae-product-price\"><p class=\"price\"><span class=\"woocommerce-Price-amount amount\"><bdi>51,00&nbsp;<span class=\"woocommerce-Price-currencySymbol\">&euro;<\/span><\/bdi><\/span><\/p>\n<\/div>\n\t\t\t\t\t\t\t<\/div>\n\t\t\t\t\t\t\t\t\t\t\t<\/div>\n\t\t\t\t\t\t\t<\/div>\n\t\t<\/div>\n\n\t\t\n\t\t\t\t\t<\/div>\n\t\t\t\t<\/li>\n\t\t\t\t\t  \t\t<li class=\"ekit-wc-product ekit-wc-carousel-item swiper-slide ekit-transition-toggle ekit-wc-product-alignment-horizontal ekit-desc-horizontal-align-left ekit-desc-vertical-align-top ekit-wc-flip- ekit-wc-vertical-align-center\">\n\t\t  \t\t\t<div class=\"ekit-wc-product-inner ekit-wc-carousel-item-inner\">\n\n\t\t\t\t\t   \t\t<div class=\"ekit-wc-product-image ekit-wc-carousel-image ekit-background-cover\">\n\t\t\t<!-- description -->\n\t\t\t\n\n\t\t\t<!-- popup content -->\n\t\t\t\n\t\t\t\t\t\t\t<div class=\"ekit-wc-products-badge ekit-wc-carousel-badge ekit-position-top-left ekit-position-small  badge-left  badge-vertical-top\">\n\t\t\t\t\t\t\t\t\t<\/div>\n\t\t\t\n\t\t\t\n\t\t\t<a href=\"https:\/\/guardastelle.com\/it\/prodotto\/irpide\/\">\n\t\t\t\t<img decoding=\"async\" src=\"https:\/\/guardastelle.com\/wp-content\/uploads\/2022\/08\/GSTELLE_IRPIDE-scaled.jpg\" alt=\"Product Thumb\">\n\t\t\t<\/a>\n\t\t<\/div>\n\t\t\n\t\t<div class=\"ekit-wc-product-desc ekit-wc-carousel-desc ekit-padding ekit-position-relative\">\n\t\t\t<div class=\"ekit-wc-product-desc-inner ekit-wc-carousel-desc-inner\">\n\t\t\t\t<!-- categories -->\n\t\t\t\t\t\t\t\t<!-- end categories -->\n\n\t\t\t\t\t\t\t\t\t<a href=\"https:\/\/guardastelle.com\/it\/prodotto\/irpide\/\">\n\t\t\t\t\t\t<div class=\"ekit-wc-product-title ekit-wc-carousel-title\">\n\t\t\t\t\t\t\tIrpide\t\t\t\t\t\t<\/div>\n\t\t\t\t\t<\/a>\n\t\t\t\t\n\t\t\t\t\t\t\t\t\t<div class=\"ekit-wc-carousel-price-wrapper ekit-flex-middle ekit-grid\">\n\t\t\t\t\t\n\t\t\t\t\t\t\t\t\t\t\t\t\t<div class=\"ekit-wc-carousel-price ekit-width-auto\">\n\t\t\t\t\t\t\t\t<div class=\"ekit-wc-product-price wae-product-price\"><p class=\"price\"><span class=\"woocommerce-Price-amount amount\"><bdi>39,00&nbsp;<span class=\"woocommerce-Price-currencySymbol\">&euro;<\/span><\/bdi><\/span><\/p>\n<\/div>\n\t\t\t\t\t\t\t<\/div>\n\t\t\t\t\t\t\t\t\t\t\t<\/div>\n\t\t\t\t\t\t\t<\/div>\n\t\t<\/div>\n\n\t\t\n\t\t\t\t\t<\/div>\n\t\t\t\t<\/li>\n\t\t\t\t\t  \t\t<li class=\"ekit-wc-product ekit-wc-carousel-item swiper-slide ekit-transition-toggle ekit-wc-product-alignment-horizontal ekit-desc-horizontal-align-left ekit-desc-vertical-align-top ekit-wc-flip- ekit-wc-vertical-align-center\">\n\t\t  \t\t\t<div class=\"ekit-wc-product-inner ekit-wc-carousel-item-inner\">\n\n\t\t\t\t\t   \t\t<div class=\"ekit-wc-product-image ekit-wc-carousel-image ekit-background-cover\">\n\t\t\t<!-- description -->\n\t\t\t\n\n\t\t\t<!-- popup content -->\n\t\t\t\n\t\t\t\t\t\t\t<div class=\"ekit-wc-products-badge ekit-wc-carousel-badge ekit-position-top-left ekit-position-small  badge-left  badge-vertical-top\">\n\t\t\t\t\t\t\t\t\t<\/div>\n\t\t\t\n\t\t\t\n\t\t\t<a href=\"https:\/\/guardastelle.com\/it\/prodotto\/tribolotto\/\">\n\t\t\t\t<img decoding=\"async\" src=\"https:\/\/guardastelle.com\/wp-content\/uploads\/2022\/08\/GSTELLE_TRIB-scaled.jpg\" alt=\"Product Thumb\">\n\t\t\t<\/a>\n\t\t<\/div>\n\t\t\n\t\t<div class=\"ekit-wc-product-desc ekit-wc-carousel-desc ekit-padding ekit-position-relative\">\n\t\t\t<div class=\"ekit-wc-product-desc-inner ekit-wc-carousel-desc-inner\">\n\t\t\t\t<!-- categories -->\n\t\t\t\t\t\t\t\t<!-- end categories -->\n\n\t\t\t\t\t\t\t\t\t<a href=\"https:\/\/guardastelle.com\/it\/prodotto\/tribolotto\/\">\n\t\t\t\t\t\t<div class=\"ekit-wc-product-title ekit-wc-carousel-title\">\n\t\t\t\t\t\t\tTribolotto\t\t\t\t\t\t<\/div>\n\t\t\t\t\t<\/a>\n\t\t\t\t\n\t\t\t\t\t\t\t\t\t<div class=\"ekit-wc-carousel-price-wrapper ekit-flex-middle ekit-grid\">\n\t\t\t\t\t\n\t\t\t\t\t\t\t\t\t\t\t\t\t<div class=\"ekit-wc-carousel-price ekit-width-auto\">\n\t\t\t\t\t\t\t\t<div class=\"ekit-wc-product-price wae-product-price\"><p class=\"price\"><span class=\"woocommerce-Price-amount amount\"><bdi>32,00&nbsp;<span class=\"woocommerce-Price-currencySymbol\">&euro;<\/span><\/bdi><\/span><\/p>\n<\/div>\n\t\t\t\t\t\t\t<\/div>\n\t\t\t\t\t\t\t\t\t\t\t<\/div>\n\t\t\t\t\t\t\t<\/div>\n\t\t<\/div>\n\n\t\t\n\t\t\t\t\t<\/div>\n\t\t\t\t<\/li>\n\t\t\t\t\t  \t\t<li class=\"ekit-wc-product ekit-wc-carousel-item swiper-slide ekit-transition-toggle ekit-wc-product-alignment-horizontal ekit-desc-horizontal-align-left ekit-desc-vertical-align-top ekit-wc-flip- ekit-wc-vertical-align-center\">\n\t\t  \t\t\t<div class=\"ekit-wc-product-inner ekit-wc-carousel-item-inner\">\n\n\t\t\t\t\t   \t\t<div class=\"ekit-wc-product-image ekit-wc-carousel-image ekit-background-cover\">\n\t\t\t<!-- description -->\n\t\t\t\n\n\t\t\t<!-- popup content -->\n\t\t\t\n\t\t\t\t\t\t\t<div class=\"ekit-wc-products-badge ekit-wc-carousel-badge ekit-position-top-left ekit-position-small  badge-left  badge-vertical-top\">\n\t\t\t\t\t\t\t\t\t<\/div>\n\t\t\t\n\t\t\t\n\t\t\t<a href=\"https:\/\/guardastelle.com\/it\/prodotto\/maria-assunta\/\">\n\t\t\t\t<img decoding=\"async\" src=\"https:\/\/guardastelle.com\/wp-content\/uploads\/2022\/08\/GSTELLE_ASSUNTA-scaled.jpg\" alt=\"Product Thumb\">\n\t\t\t<\/a>\n\t\t<\/div>\n\t\t\n\t\t<div class=\"ekit-wc-product-desc ekit-wc-carousel-desc ekit-padding ekit-position-relative\">\n\t\t\t<div class=\"ekit-wc-product-desc-inner ekit-wc-carousel-desc-inner\">\n\t\t\t\t<!-- categories -->\n\t\t\t\t\t\t\t\t<!-- end categories -->\n\n\t\t\t\t\t\t\t\t\t<a href=\"https:\/\/guardastelle.com\/it\/prodotto\/maria-assunta\/\">\n\t\t\t\t\t\t<div class=\"ekit-wc-product-title ekit-wc-carousel-title\">\n\t\t\t\t\t\t\tMaria Assunta\t\t\t\t\t\t<\/div>\n\t\t\t\t\t<\/a>\n\t\t\t\t\n\t\t\t\t\t\t\t\t\t<div class=\"ekit-wc-carousel-price-wrapper ekit-flex-middle ekit-grid\">\n\t\t\t\t\t\n\t\t\t\t\t\t\t\t\t\t\t\t\t<div class=\"ekit-wc-carousel-price ekit-width-auto\">\n\t\t\t\t\t\t\t\t<div class=\"ekit-wc-product-price wae-product-price\"><p class=\"price\"><span class=\"woocommerce-Price-amount amount\"><bdi>36,00&nbsp;<span class=\"woocommerce-Price-currencySymbol\">&euro;<\/span><\/bdi><\/span><\/p>\n<\/div>\n\t\t\t\t\t\t\t<\/div>\n\t\t\t\t\t\t\t\t\t\t\t<\/div>\n\t\t\t\t\t\t\t<\/div>\n\t\t<\/div>\n\n\t\t\n\t\t\t\t\t<\/div>\n\t\t\t\t<\/li>\n\t\t\t\t\t  \t\t<li class=\"ekit-wc-product ekit-wc-carousel-item swiper-slide ekit-transition-toggle ekit-wc-product-alignment-horizontal ekit-desc-horizontal-align-left ekit-desc-vertical-align-top ekit-wc-flip- ekit-wc-vertical-align-center\">\n\t\t  \t\t\t<div class=\"ekit-wc-product-inner ekit-wc-carousel-item-inner\">\n\n\t\t\t\t\t   \t\t<div class=\"ekit-wc-product-image ekit-wc-carousel-image ekit-background-cover\">\n\t\t\t<!-- description -->\n\t\t\t\n\n\t\t\t<!-- popup content -->\n\t\t\t\n\t\t\t\t\t\t\t<div class=\"ekit-wc-products-badge ekit-wc-carousel-badge ekit-position-top-left ekit-position-small  badge-left  badge-vertical-top\">\n\t\t\t\t\t\t\t\t\t<\/div>\n\t\t\t\n\t\t\t\n\t\t\t<a href=\"https:\/\/guardastelle.com\/it\/prodotto\/consesta\/\">\n\t\t\t\t<img decoding=\"async\" src=\"https:\/\/guardastelle.com\/wp-content\/uploads\/2022\/08\/GSTELLE_CONSESTA-scaled.jpg\" alt=\"Product Thumb\">\n\t\t\t<\/a>\n\t\t<\/div>\n\t\t\n\t\t<div class=\"ekit-wc-product-desc ekit-wc-carousel-desc ekit-padding ekit-position-relative\">\n\t\t\t<div class=\"ekit-wc-product-desc-inner ekit-wc-carousel-desc-inner\">\n\t\t\t\t<!-- categories -->\n\t\t\t\t\t\t\t\t<!-- end categories -->\n\n\t\t\t\t\t\t\t\t\t<a href=\"https:\/\/guardastelle.com\/it\/prodotto\/consesta\/\">\n\t\t\t\t\t\t<div class=\"ekit-wc-product-title ekit-wc-carousel-title\">\n\t\t\t\t\t\t\tConsesta\t\t\t\t\t\t<\/div>\n\t\t\t\t\t<\/a>\n\t\t\t\t\n\t\t\t\t\t\t\t\t\t<div class=\"ekit-wc-carousel-price-wrapper ekit-flex-middle ekit-grid\">\n\t\t\t\t\t\n\t\t\t\t\t\t\t\t\t\t\t\t\t<div class=\"ekit-wc-carousel-price ekit-width-auto\">\n\t\t\t\t\t\t\t\t<div class=\"ekit-wc-product-price wae-product-price\"><p class=\"price\"><span class=\"woocommerce-Price-amount amount\"><bdi>32,00&nbsp;<span class=\"woocommerce-Price-currencySymbol\">&euro;<\/span><\/bdi><\/span><\/p>\n<\/div>\n\t\t\t\t\t\t\t<\/div>\n\t\t\t\t\t\t\t\t\t\t\t<\/div>\n\t\t\t\t\t\t\t<\/div>\n\t\t<\/div>\n\n\t\t\n\t\t\t\t\t<\/div>\n\t\t\t\t<\/li>\n\t\t\t\t\t\t\t<\/ul>\n\t\t\t<\/div>\n\t\t\t\t\t\t\t\t\t\t\n\t\t\n\t\t\t\t\t\t\n\t\t\n\t\t\t\t\t\t\t<\/div>\n\n\t\t<\/div>\t\t<\/div>\n\t\t\t\t<\/div>\n\t\t\t\t\t<\/div>\n\t\t<\/div>\n\t\t\t\t\t\t\t<\/div>\n\t\t<\/section>\n\t\t\t\t\t\t<\/div>\n\t\t\t\t\t<\/div>\n\t\t","protected":false},"excerpt":{"rendered":"<p>La Nostra Cantina ed i suoi Vini Fin dall&#8217;epoca etrusca la pianta della vite era conosciuta e coltivata e a questo popolo sono attribuite anche una serie di tecniche colturali quali la selezione di variet\u00e0 ibride, la disposizione degli impianti e gli innesti. Il loro vino era apprezzato fino in Grecia, in particolar modo quello [&hellip;]<\/p>\n","protected":false},"author":1,"featured_media":2493,"parent":0,"menu_order":5,"comment_status":"closed","ping_status":"closed","template":"","meta":{"footnotes":""},"tags":[],"class_list":["post-113","page","type-page","status-publish","has-post-thumbnail","hentry"],"_links":{"self":[{"href":"https:\/\/guardastelle.com\/it\/wp-json\/wp\/v2\/pages\/113","targetHints":{"allow":["GET"]}}],"collection":[{"href":"https:\/\/guardastelle.com\/it\/wp-json\/wp\/v2\/pages"}],"about":[{"href":"https:\/\/guardastelle.com\/it\/wp-json\/wp\/v2\/types\/page"}],"author":[{"embeddable":true,"href":"https:\/\/guardastelle.com\/it\/wp-json\/wp\/v2\/users\/1"}],"replies":[{"embeddable":true,"href":"https:\/\/guardastelle.com\/it\/wp-json\/wp\/v2\/comments?post=113"}],"version-history":[{"count":58,"href":"https:\/\/guardastelle.com\/it\/wp-json\/wp\/v2\/pages\/113\/revisions"}],"predecessor-version":[{"id":2812,"href":"https:\/\/guardastelle.com\/it\/wp-json\/wp\/v2\/pages\/113\/revisions\/2812"}],"wp:featuredmedia":[{"embeddable":true,"href":"https:\/\/guardastelle.com\/it\/wp-json\/wp\/v2\/media\/2493"}],"wp:attachment":[{"href":"https:\/\/guardastelle.com\/it\/wp-json\/wp\/v2\/media?parent=113"}],"wp:term":[{"taxonomy":"post_tag","embeddable":true,"href":"https:\/\/guardastelle.com\/it\/wp-json\/wp\/v2\/tags?post=113"}],"curies":[{"name":"wp","href":"https:\/\/api.w.org\/{rel}","templated":true}]}}